{"id":360,"date":"2021-06-22T15:43:13","date_gmt":"2021-06-22T12:43:13","guid":{"rendered":"http:\/\/ozel.law\/tr\/?page_id=360"},"modified":"2021-07-13T10:56:01","modified_gmt":"2021-07-13T07:56:01","slug":"yayinlar","status":"publish","type":"page","link":"https:\/\/ozel.law\/tr\/yayinlar\/","title":{"rendered":"Yay\u0131nlar"},"content":{"rendered":"\t\t<div data-elementor-type=\"wp-page\" data-elementor-id=\"360\" class=\"elementor elementor-360\" data-elementor-post-type=\"page\">\n\t\t\t\t\t\t<section class=\"elementor-section elementor-top-section elementor-element elementor-element-80afc96 elementor-section-height-min-height elementor-section-stretched elementor-section-boxed elementor-section-height-default elementor-section-items-middle\" data-id=\"80afc96\" data-element_type=\"section\" data-settings=\"{&quot;stretch_section&quot;:&quot;section-stretched&quot;,&quot;background_background&quot;:&quot;classic&quot;}\">\n\t\t\t\t\t\t\t<div class=\"elementor-background-overlay\"><\/div>\n\t\t\t\t\t\t\t<div class=\"elementor-container elementor-column-gap-default\">\n\t\t\t\t\t<div class=\"elementor-column elementor-col-100 elementor-top-column elementor-element elementor-element-d7aa0df\" data-id=\"d7aa0df\" data-element_type=\"column\">\n\t\t\t<div class=\"elementor-widget-wrap elementor-element-populated\">\n\t\t\t\t\t\t<div class=\"elementor-element elementor-element-06d850a elementor-widget elementor-widget-heading\" data-id=\"06d850a\" data-element_type=\"widget\" data-widget_type=\"heading.default\">\n\t\t\t\t<div class=\"elementor-widget-container\">\n\t\t\t<h1 class=\"elementor-heading-title elementor-size-default\">YAYINLAR<\/h1>\t\t<\/div>\n\t\t\t\t<\/div>\n\t\t\t\t\t<\/div>\n\t\t<\/div>\n\t\t\t\t\t<\/div>\n\t\t<\/section>\n\t\t\t\t<section class=\"elementor-section elementor-top-section elementor-element elementor-element-6bab40e elementor-section-boxed elementor-section-height-default elementor-section-height-default\" data-id=\"6bab40e\" data-element_type=\"section\">\n\t\t\t\t\t\t<div class=\"elementor-container elementor-column-gap-default\">\n\t\t\t\t\t<div class=\"elementor-column elementor-col-100 elementor-top-column elementor-element elementor-element-394ba66\" data-id=\"394ba66\" data-element_type=\"column\">\n\t\t\t<div class=\"elementor-widget-wrap elementor-element-populated\">\n\t\t\t\t\t\t<div class=\"elementor-element elementor-element-ff81795 elementor-grid-3 elementor-grid-tablet-2 elementor-grid-mobile-1 elementor-posts--thumbnail-top elementor-card-shadow-yes elementor-posts__hover-gradient elementor-widget elementor-widget-posts\" data-id=\"ff81795\" data-element_type=\"widget\" data-settings=\"{&quot;pagination_type&quot;:&quot;numbers_and_prev_next&quot;,&quot;cards_columns&quot;:&quot;3&quot;,&quot;cards_columns_tablet&quot;:&quot;2&quot;,&quot;cards_columns_mobile&quot;:&quot;1&quot;,&quot;cards_row_gap&quot;:{&quot;unit&quot;:&quot;px&quot;,&quot;size&quot;:35,&quot;sizes&quot;:[]},&quot;cards_row_gap_tablet&quot;:{&quot;unit&quot;:&quot;px&quot;,&quot;size&quot;:&quot;&quot;,&quot;sizes&quot;:[]},&quot;cards_row_gap_mobile&quot;:{&quot;unit&quot;:&quot;px&quot;,&quot;size&quot;:&quot;&quot;,&quot;sizes&quot;:[]}}\" data-widget_type=\"posts.cards\">\n\t\t\t\t<div class=\"elementor-widget-container\">\n\t\t\t\t\t<div class=\"elementor-posts-container elementor-posts elementor-posts--skin-cards elementor-grid\">\n\t\t\t\t<article class=\"elementor-post elementor-grid-item post-1078 post type-post status-publish format-standard has-post-thumbnail hentry category-publications category-11 description-off\">\n\t\t\t<div class=\"elementor-post__card\">\n\t\t\t\t<a class=\"elementor-post__thumbnail__link\" href=\"https:\/\/ozel.law\/tr\/girisimin-yol-haritasi-ortaklik-sozlesmesi\/\" tabindex=\"-1\" ><div class=\"elementor-post__thumbnail\"><img fetchpriority=\"high\" decoding=\"async\" width=\"300\" height=\"169\" src=\"https:\/\/ozel.law\/tr\/wp-content\/uploads\/2022\/10\/ortaklik-sozlesmesi-300x169.jpg\" class=\"attachment-medium size-medium wp-image-1080\" alt=\"\" srcset=\"https:\/\/ozel.law\/tr\/wp-content\/uploads\/2022\/10\/ortaklik-sozlesmesi-300x169.jpg 300w, https:\/\/ozel.law\/tr\/wp-content\/uploads\/2022\/10\/ortaklik-sozlesmesi-1024x576.jpg 1024w, https:\/\/ozel.law\/tr\/wp-content\/uploads\/2022\/10\/ortaklik-sozlesmesi-768x432.jpg 768w, https:\/\/ozel.law\/tr\/wp-content\/uploads\/2022\/10\/ortaklik-sozlesmesi-1536x864.jpg 1536w, https:\/\/ozel.law\/tr\/wp-content\/uploads\/2022\/10\/ortaklik-sozlesmesi.jpg 1920w\" sizes=\"(max-width: 300px) 100vw, 300px\" \/><\/div><\/a>\n\t\t\t\t<div class=\"elementor-post__text\">\n\t\t\t\t<h3 class=\"elementor-post__title\">\n\t\t\t<a href=\"https:\/\/ozel.law\/tr\/girisimin-yol-haritasi-ortaklik-sozlesmesi\/\" >\n\t\t\t\tGiri\u015fimin Yol Haritas\u0131: Ortakl\u0131k S\u00f6zle\u015fmesi\t\t\t<\/a>\n\t\t<\/h3>\n\t\t\t\t<div class=\"elementor-post__excerpt\">\n\t\t\t<p>\u201cBir giri\u015fimin hukuki alt yap\u0131s\u0131n\u0131n daha ilk g\u00fcnden profesyonel bir \u015fekilde kurulmas\u0131ndaki b\u00fcy\u00fck faydaya i\u015faret ederek \u015funu hat\u0131rlatmak gerekiyor; her t\u00fcrl\u00fc hukuki uyu\u015fmazl\u0131k \u00e7ok b\u00fcy\u00fck<\/p>\n\t\t<\/div>\n\t\t\n\t\t<a class=\"elementor-post__read-more\" href=\"https:\/\/ozel.law\/tr\/girisimin-yol-haritasi-ortaklik-sozlesmesi\/\" aria-label=\"Read more about Giri\u015fimin Yol Haritas\u0131: Ortakl\u0131k S\u00f6zle\u015fmesi\" tabindex=\"-1\" >\n\t\t\tDevam\u0131n\u0131 Okumak \u0130\u00e7in \u00bb\t\t<\/a>\n\n\t\t\t\t<\/div>\n\t\t\t\t\t<\/div>\n\t\t<\/article>\n\t\t\t\t<article class=\"elementor-post elementor-grid-item post-1073 post type-post status-publish format-standard has-post-thumbnail hentry category-publications category-11 description-off\">\n\t\t\t<div class=\"elementor-post__card\">\n\t\t\t\t<a class=\"elementor-post__thumbnail__link\" href=\"https:\/\/ozel.law\/tr\/cekirdek-ve-erken-asama-yatirimlar-icin-safe-agreement-modeli\/\" tabindex=\"-1\" ><div class=\"elementor-post__thumbnail\"><img decoding=\"async\" width=\"300\" height=\"169\" src=\"https:\/\/ozel.law\/tr\/wp-content\/uploads\/2022\/10\/safe_agreement-300x169.jpg\" class=\"attachment-medium size-medium wp-image-1076\" alt=\"\" srcset=\"https:\/\/ozel.law\/tr\/wp-content\/uploads\/2022\/10\/safe_agreement-300x169.jpg 300w, https:\/\/ozel.law\/tr\/wp-content\/uploads\/2022\/10\/safe_agreement-1024x576.jpg 1024w, https:\/\/ozel.law\/tr\/wp-content\/uploads\/2022\/10\/safe_agreement-768x432.jpg 768w, https:\/\/ozel.law\/tr\/wp-content\/uploads\/2022\/10\/safe_agreement-1536x864.jpg 1536w, https:\/\/ozel.law\/tr\/wp-content\/uploads\/2022\/10\/safe_agreement.jpg 1920w\" sizes=\"(max-width: 300px) 100vw, 300px\" \/><\/div><\/a>\n\t\t\t\t<div class=\"elementor-post__text\">\n\t\t\t\t<h3 class=\"elementor-post__title\">\n\t\t\t<a href=\"https:\/\/ozel.law\/tr\/cekirdek-ve-erken-asama-yatirimlar-icin-safe-agreement-modeli\/\" >\n\t\t\t\t\u00c7ekirdek ve Erken A\u015fama Yat\u0131r\u0131mlar \u0130\u00e7in Safe Agreement Modeli\t\t\t<\/a>\n\t\t<\/h3>\n\t\t\t\t<div class=\"elementor-post__excerpt\">\n\t\t\t<p>SAFE \u00fczerinden yat\u0131r\u0131m yapan yat\u0131r\u0131mc\u0131n\u0131n kesin bir de\u011ferleme tutar\u0131 \u00fczerinden de\u011fil, tahmini bir de\u011ferlemeyle yat\u0131r\u0131m yapmas\u0131 bekleniyor. SAFE ile yat\u0131r\u0131mc\u0131 ve giri\u015fimci yaln\u0131zca bir \u2018de\u011ferleme<\/p>\n\t\t<\/div>\n\t\t\n\t\t<a class=\"elementor-post__read-more\" href=\"https:\/\/ozel.law\/tr\/cekirdek-ve-erken-asama-yatirimlar-icin-safe-agreement-modeli\/\" aria-label=\"Read more about \u00c7ekirdek ve Erken A\u015fama Yat\u0131r\u0131mlar \u0130\u00e7in Safe Agreement Modeli\" tabindex=\"-1\" >\n\t\t\tDevam\u0131n\u0131 Okumak \u0130\u00e7in \u00bb\t\t<\/a>\n\n\t\t\t\t<\/div>\n\t\t\t\t\t<\/div>\n\t\t<\/article>\n\t\t\t\t<article class=\"elementor-post elementor-grid-item post-795 post type-post status-publish format-standard has-post-thumbnail hentry category-publications category-11 description-off\">\n\t\t\t<div class=\"elementor-post__card\">\n\t\t\t\t<a class=\"elementor-post__thumbnail__link\" href=\"https:\/\/ozel.law\/tr\/what-start-ups-and-investors-should-know\/\" tabindex=\"-1\" ><div class=\"elementor-post__thumbnail\"><img decoding=\"async\" width=\"300\" height=\"200\" src=\"https:\/\/ozel.law\/tr\/wp-content\/uploads\/2021\/07\/legal-business-publications-300x200.jpg\" class=\"attachment-medium size-medium wp-image-797\" alt=\"OZEL Legal 500 Article\" srcset=\"https:\/\/ozel.law\/tr\/wp-content\/uploads\/2021\/07\/legal-business-publications-300x200.jpg 300w, https:\/\/ozel.law\/tr\/wp-content\/uploads\/2021\/07\/legal-business-publications-1024x683.jpg 1024w, https:\/\/ozel.law\/tr\/wp-content\/uploads\/2021\/07\/legal-business-publications-768x512.jpg 768w, https:\/\/ozel.law\/tr\/wp-content\/uploads\/2021\/07\/legal-business-publications.jpg 1200w\" sizes=\"(max-width: 300px) 100vw, 300px\" \/><\/div><\/a>\n\t\t\t\t<div class=\"elementor-post__text\">\n\t\t\t\t<h3 class=\"elementor-post__title\">\n\t\t\t<a href=\"https:\/\/ozel.law\/tr\/what-start-ups-and-investors-should-know\/\" >\n\t\t\t\tWhat start-ups and investors should know\t\t\t<\/a>\n\t\t<\/h3>\n\t\t\t\t<div class=\"elementor-post__excerpt\">\n\t\t\t<p>As \u00d6zel Attorney Consultancy, our office provides consultancy services for both international and domestic clients operating in the technology ecosystem. Participants of this ecosystem rise<\/p>\n\t\t<\/div>\n\t\t\n\t\t<a class=\"elementor-post__read-more\" href=\"https:\/\/ozel.law\/tr\/what-start-ups-and-investors-should-know\/\" aria-label=\"Read more about What start-ups and investors should know\" tabindex=\"-1\" >\n\t\t\tDevam\u0131n\u0131 Okumak \u0130\u00e7in \u00bb\t\t<\/a>\n\n\t\t\t\t<\/div>\n\t\t\t\t\t<\/div>\n\t\t<\/article>\n\t\t\t\t<article class=\"elementor-post elementor-grid-item post-1 post type-post status-publish format-standard has-post-thumbnail hentry category-publications category-11 description-off\">\n\t\t\t<div class=\"elementor-post__card\">\n\t\t\t\t<a class=\"elementor-post__thumbnail__link\" href=\"https:\/\/ozel.law\/tr\/the-group-of-companies-doctrine-as-a-non-signatory-issue-in-arbitration-agreements\/\" tabindex=\"-1\" ><div class=\"elementor-post__thumbnail\"><img loading=\"lazy\" decoding=\"async\" width=\"300\" height=\"169\" src=\"https:\/\/ozel.law\/tr\/wp-content\/uploads\/2016\/04\/7-300x169.jpg\" class=\"attachment-medium size-medium wp-image-382\" alt=\"\" srcset=\"https:\/\/ozel.law\/tr\/wp-content\/uploads\/2016\/04\/7-300x169.jpg 300w, https:\/\/ozel.law\/tr\/wp-content\/uploads\/2016\/04\/7-768x432.jpg 768w, https:\/\/ozel.law\/tr\/wp-content\/uploads\/2016\/04\/7.jpg 864w\" sizes=\"(max-width: 300px) 100vw, 300px\" \/><\/div><\/a>\n\t\t\t\t<div class=\"elementor-post__text\">\n\t\t\t\t<h3 class=\"elementor-post__title\">\n\t\t\t<a href=\"https:\/\/ozel.law\/tr\/the-group-of-companies-doctrine-as-a-non-signatory-issue-in-arbitration-agreements\/\" >\n\t\t\t\tThe Group of Companies Doctrine as a Non-Signatory Issue in Arbitration Agreements\t\t\t<\/a>\n\t\t<\/h3>\n\t\t\t\t<div class=\"elementor-post__excerpt\">\n\t\t\t<p>ABSTRACT The issue of non-signatories is a significant point of international arbitration. As one of the non-signatories, the Group of Companies Doctrine can be defined<\/p>\n\t\t<\/div>\n\t\t\n\t\t<a class=\"elementor-post__read-more\" href=\"https:\/\/ozel.law\/tr\/the-group-of-companies-doctrine-as-a-non-signatory-issue-in-arbitration-agreements\/\" aria-label=\"Read more about The Group of Companies Doctrine as a Non-Signatory Issue in Arbitration Agreements\" tabindex=\"-1\" >\n\t\t\tDevam\u0131n\u0131 Okumak \u0130\u00e7in \u00bb\t\t<\/a>\n\n\t\t\t\t<\/div>\n\t\t\t\t\t<\/div>\n\t\t<\/article>\n\t\t\t\t<article class=\"elementor-post elementor-grid-item post-330 post type-post status-publish format-standard has-post-thumbnail hentry category-publications category-11 description-off\">\n\t\t\t<div class=\"elementor-post__card\">\n\t\t\t\t<a class=\"elementor-post__thumbnail__link\" href=\"https:\/\/ozel.law\/tr\/a-comparative-analysis-of-legitimate-interest-in-turkish-data-protection-law-and-gdpr\/\" tabindex=\"-1\" ><div class=\"elementor-post__thumbnail\"><img loading=\"lazy\" decoding=\"async\" width=\"300\" height=\"180\" src=\"https:\/\/ozel.law\/tr\/wp-content\/uploads\/2016\/03\/GDPR-300x180.jpg\" class=\"attachment-medium size-medium wp-image-490\" alt=\"\" srcset=\"https:\/\/ozel.law\/tr\/wp-content\/uploads\/2016\/03\/GDPR-300x180.jpg 300w, https:\/\/ozel.law\/tr\/wp-content\/uploads\/2016\/03\/GDPR-1024x614.jpg 1024w, https:\/\/ozel.law\/tr\/wp-content\/uploads\/2016\/03\/GDPR-768x461.jpg 768w, https:\/\/ozel.law\/tr\/wp-content\/uploads\/2016\/03\/GDPR.jpg 1080w\" sizes=\"(max-width: 300px) 100vw, 300px\" \/><\/div><\/a>\n\t\t\t\t<div class=\"elementor-post__text\">\n\t\t\t\t<h3 class=\"elementor-post__title\">\n\t\t\t<a href=\"https:\/\/ozel.law\/tr\/a-comparative-analysis-of-legitimate-interest-in-turkish-data-protection-law-and-gdpr\/\" >\n\t\t\t\tA Comparative Analysis Of Legitimate Interest In Turkish Data Protection Law And GDPR\t\t\t<\/a>\n\t\t<\/h3>\n\t\t\t\t<div class=\"elementor-post__excerpt\">\n\t\t\t<p>Introduction Legitimate interest of the data controller and third party is one of the valid reason for legitimate data processing. The concept of legitimate interest<\/p>\n\t\t<\/div>\n\t\t\n\t\t<a class=\"elementor-post__read-more\" href=\"https:\/\/ozel.law\/tr\/a-comparative-analysis-of-legitimate-interest-in-turkish-data-protection-law-and-gdpr\/\" aria-label=\"Read more about A Comparative Analysis Of Legitimate Interest In Turkish Data Protection Law And GDPR\" tabindex=\"-1\" >\n\t\t\tDevam\u0131n\u0131 Okumak \u0130\u00e7in \u00bb\t\t<\/a>\n\n\t\t\t\t<\/div>\n\t\t\t\t\t<\/div>\n\t\t<\/article>\n\t\t\t\t<article class=\"elementor-post elementor-grid-item post-303 post type-post status-publish format-standard has-post-thumbnail hentry category-publications category-11 description-off\">\n\t\t\t<div class=\"elementor-post__card\">\n\t\t\t\t<a class=\"elementor-post__thumbnail__link\" href=\"https:\/\/ozel.law\/tr\/comparison-of-the-online-dispute-resolution-odr-with-litigation-for-internet-related-disputes\/\" tabindex=\"-1\" ><div class=\"elementor-post__thumbnail\"><img loading=\"lazy\" decoding=\"async\" width=\"300\" height=\"202\" src=\"https:\/\/ozel.law\/tr\/wp-content\/uploads\/2016\/11\/10-300x202.jpg\" class=\"attachment-medium size-medium wp-image-383\" alt=\"\" srcset=\"https:\/\/ozel.law\/tr\/wp-content\/uploads\/2016\/11\/10-300x202.jpg 300w, https:\/\/ozel.law\/tr\/wp-content\/uploads\/2016\/11\/10-768x517.jpg 768w, https:\/\/ozel.law\/tr\/wp-content\/uploads\/2016\/11\/10.jpg 789w\" sizes=\"(max-width: 300px) 100vw, 300px\" \/><\/div><\/a>\n\t\t\t\t<div class=\"elementor-post__text\">\n\t\t\t\t<h3 class=\"elementor-post__title\">\n\t\t\t<a href=\"https:\/\/ozel.law\/tr\/comparison-of-the-online-dispute-resolution-odr-with-litigation-for-internet-related-disputes\/\" >\n\t\t\t\tComparison of the Online Dispute Resolution (ODR) with Litigation for Internet Related Disputes\t\t\t<\/a>\n\t\t<\/h3>\n\t\t\t\t<div class=\"elementor-post__excerpt\">\n\t\t\t<p>ABSTRACT The issue of non-signatories is a significant point of international arbitration. As one of the non-signatories, the Group of Companies Doctrine can be defined<\/p>\n\t\t<\/div>\n\t\t\n\t\t<a class=\"elementor-post__read-more\" href=\"https:\/\/ozel.law\/tr\/comparison-of-the-online-dispute-resolution-odr-with-litigation-for-internet-related-disputes\/\" aria-label=\"Read more about Comparison of the Online Dispute Resolution (ODR) with Litigation for Internet Related Disputes\" tabindex=\"-1\" >\n\t\t\tDevam\u0131n\u0131 Okumak \u0130\u00e7in \u00bb\t\t<\/a>\n\n\t\t\t\t<\/div>\n\t\t\t\t\t<\/div>\n\t\t<\/article>\n\t\t\t\t<article class=\"elementor-post elementor-grid-item post-299 post type-post status-publish format-standard has-post-thumbnail hentry category-publications category-11 description-off\">\n\t\t\t<div class=\"elementor-post__card\">\n\t\t\t\t<a class=\"elementor-post__thumbnail__link\" href=\"https:\/\/ozel.law\/tr\/blockchain-based-token-sales-a-u-s-federal-securities-law-analysis\/\" tabindex=\"-1\" ><div class=\"elementor-post__thumbnail\"><img loading=\"lazy\" decoding=\"async\" width=\"300\" height=\"155\" src=\"https:\/\/ozel.law\/tr\/wp-content\/uploads\/2021\/06\/11-300x155.jpg\" class=\"attachment-medium size-medium wp-image-385\" alt=\"\" srcset=\"https:\/\/ozel.law\/tr\/wp-content\/uploads\/2021\/06\/11-300x155.jpg 300w, https:\/\/ozel.law\/tr\/wp-content\/uploads\/2021\/06\/11-1024x529.jpg 1024w, https:\/\/ozel.law\/tr\/wp-content\/uploads\/2021\/06\/11-768x397.jpg 768w, https:\/\/ozel.law\/tr\/wp-content\/uploads\/2021\/06\/11.jpg 1200w\" sizes=\"(max-width: 300px) 100vw, 300px\" \/><\/div><\/a>\n\t\t\t\t<div class=\"elementor-post__text\">\n\t\t\t\t<h3 class=\"elementor-post__title\">\n\t\t\t<a href=\"https:\/\/ozel.law\/tr\/blockchain-based-token-sales-a-u-s-federal-securities-law-analysis\/\" >\n\t\t\t\tE-Commerce Transaction Law: Value Of Online Identif\u0131cation In Comparison With Electronic Signatures\t\t\t<\/a>\n\t\t<\/h3>\n\t\t\t\t<div class=\"elementor-post__excerpt\">\n\t\t\t<p>Introduction With the emergence of information and communication technologies, Internet has become a crucial part of the digital relations which allowed individuals to make contact<\/p>\n\t\t<\/div>\n\t\t\n\t\t<a class=\"elementor-post__read-more\" href=\"https:\/\/ozel.law\/tr\/blockchain-based-token-sales-a-u-s-federal-securities-law-analysis\/\" aria-label=\"Read more about E-Commerce Transaction Law: Value Of Online Identif\u0131cation In Comparison With Electronic Signatures\" tabindex=\"-1\" >\n\t\t\tDevam\u0131n\u0131 Okumak \u0130\u00e7in \u00bb\t\t<\/a>\n\n\t\t\t\t<\/div>\n\t\t\t\t\t<\/div>\n\t\t<\/article>\n\t\t\t\t<article class=\"elementor-post elementor-grid-item post-534 post type-post status-publish format-standard has-post-thumbnail hentry category-publications category-11 description-off\">\n\t\t\t<div class=\"elementor-post__card\">\n\t\t\t\t<a class=\"elementor-post__thumbnail__link\" href=\"https:\/\/ozel.law\/tr\/extraterritorial-enforcement-defined-in-article-32-of-the-gdpr-how-effective\/\" tabindex=\"-1\" ><div class=\"elementor-post__thumbnail\"><img loading=\"lazy\" decoding=\"async\" width=\"300\" height=\"150\" src=\"https:\/\/ozel.law\/tr\/wp-content\/uploads\/2021\/06\/3057af5ff3b3-300x150.jpg\" class=\"attachment-medium size-medium wp-image-574\" alt=\"\" srcset=\"https:\/\/ozel.law\/tr\/wp-content\/uploads\/2021\/06\/3057af5ff3b3-300x150.jpg 300w, https:\/\/ozel.law\/tr\/wp-content\/uploads\/2021\/06\/3057af5ff3b3-768x384.jpg 768w, https:\/\/ozel.law\/tr\/wp-content\/uploads\/2021\/06\/3057af5ff3b3.jpg 1000w\" sizes=\"(max-width: 300px) 100vw, 300px\" \/><\/div><\/a>\n\t\t\t\t<div class=\"elementor-post__text\">\n\t\t\t\t<h3 class=\"elementor-post__title\">\n\t\t\t<a href=\"https:\/\/ozel.law\/tr\/extraterritorial-enforcement-defined-in-article-32-of-the-gdpr-how-effective\/\" >\n\t\t\t\tExtraterritorial Enforcement Defined In Article 3(2) Of The GDPR: How Effective?\t\t\t<\/a>\n\t\t<\/h3>\n\t\t\t\t<div class=\"elementor-post__excerpt\">\n\t\t\t<p>Introduction Majority of the processing of personal data is now subject to the Internet which eventually resulted in a disconnection from territorial scope of the<\/p>\n\t\t<\/div>\n\t\t\n\t\t<a class=\"elementor-post__read-more\" href=\"https:\/\/ozel.law\/tr\/extraterritorial-enforcement-defined-in-article-32-of-the-gdpr-how-effective\/\" aria-label=\"Read more about Extraterritorial Enforcement Defined In Article 3(2) Of The GDPR: How Effective?\" tabindex=\"-1\" >\n\t\t\tDevam\u0131n\u0131 Okumak \u0130\u00e7in \u00bb\t\t<\/a>\n\n\t\t\t\t<\/div>\n\t\t\t\t\t<\/div>\n\t\t<\/article>\n\t\t\t\t<article class=\"elementor-post elementor-grid-item post-354 post type-post status-publish format-standard has-post-thumbnail hentry category-publications category-11 description-off\">\n\t\t\t<div class=\"elementor-post__card\">\n\t\t\t\t<a class=\"elementor-post__thumbnail__link\" href=\"https:\/\/ozel.law\/tr\/the-concept-of-single-economic-entity-doctrine\/\" tabindex=\"-1\" ><div class=\"elementor-post__thumbnail\"><img loading=\"lazy\" decoding=\"async\" width=\"300\" height=\"150\" src=\"https:\/\/ozel.law\/tr\/wp-content\/uploads\/2016\/12\/4-300x150.jpg\" class=\"attachment-medium size-medium wp-image-384\" alt=\"\" srcset=\"https:\/\/ozel.law\/tr\/wp-content\/uploads\/2016\/12\/4-300x150.jpg 300w, https:\/\/ozel.law\/tr\/wp-content\/uploads\/2016\/12\/4.jpg 646w\" sizes=\"(max-width: 300px) 100vw, 300px\" \/><\/div><\/a>\n\t\t\t\t<div class=\"elementor-post__text\">\n\t\t\t\t<h3 class=\"elementor-post__title\">\n\t\t\t<a href=\"https:\/\/ozel.law\/tr\/the-concept-of-single-economic-entity-doctrine\/\" >\n\t\t\t\tThe Concept of Single Economic Entity Doctrine\t\t\t<\/a>\n\t\t<\/h3>\n\t\t\t\t<div class=\"elementor-post__excerpt\">\n\t\t\t<p>IntroductionThe idea of the European Union is not only related with political and economic unity but also requires unity in the field of law. Therefore<\/p>\n\t\t<\/div>\n\t\t\n\t\t<a class=\"elementor-post__read-more\" href=\"https:\/\/ozel.law\/tr\/the-concept-of-single-economic-entity-doctrine\/\" aria-label=\"Read more about The Concept of Single Economic Entity Doctrine\" tabindex=\"-1\" >\n\t\t\tDevam\u0131n\u0131 Okumak \u0130\u00e7in \u00bb\t\t<\/a>\n\n\t\t\t\t<\/div>\n\t\t\t\t\t<\/div>\n\t\t<\/article>\n\t\t\t\t<\/div>\n\t\t\n\t\t\t\t<\/div>\n\t\t\t\t<\/div>\n\t\t\t\t\t<\/div>\n\t\t<\/div>\n\t\t\t\t\t<\/div>\n\t\t<\/section>\n\t\t\t\t<\/div>\n\t\t","protected":false},"excerpt":{"rendered":"<p>YAYINLAR<\/p>\n","protected":false},"author":1,"featured_media":0,"parent":0,"menu_order":0,"comment_status":"closed","ping_status":"closed","template":"","meta":{"footnotes":""},"class_list":["post-360","page","type-page","status-publish","hentry","category-11","description-off"],"_links":{"self":[{"href":"https:\/\/ozel.law\/tr\/wp-json\/wp\/v2\/pages\/360","targetHints":{"allow":["GET"]}}],"collection":[{"href":"https:\/\/ozel.law\/tr\/wp-json\/wp\/v2\/pages"}],"about":[{"href":"https:\/\/ozel.law\/tr\/wp-json\/wp\/v2\/types\/page"}],"author":[{"embeddable":true,"href":"https:\/\/ozel.law\/tr\/wp-json\/wp\/v2\/users\/1"}],"replies":[{"embeddable":true,"href":"https:\/\/ozel.law\/tr\/wp-json\/wp\/v2\/comments?post=360"}],"version-history":[{"count":0,"href":"https:\/\/ozel.law\/tr\/wp-json\/wp\/v2\/pages\/360\/revisions"}],"wp:attachment":[{"href":"https:\/\/ozel.law\/tr\/wp-json\/wp\/v2\/media?parent=360"}],"curies":[{"name":"wp","href":"https:\/\/api.w.org\/{rel}","templated":true}]}}