{"id":500,"date":"2021-06-25T18:25:22","date_gmt":"2021-06-25T15:25:22","guid":{"rendered":"http:\/\/ozel.law\/tr\/?page_id=500"},"modified":"2021-07-13T14:53:26","modified_gmt":"2021-07-13T11:53:26","slug":"cerez-politikasi","status":"publish","type":"page","link":"https:\/\/ozel.law\/tr\/cerez-politikasi\/","title":{"rendered":"\u00c7erez Politikas\u0131"},"content":{"rendered":"\t\t<div data-elementor-type=\"wp-page\" data-elementor-id=\"500\" class=\"elementor elementor-500\" data-elementor-post-type=\"page\">\n\t\t\t\t\t\t<section class=\"elementor-section elementor-top-section elementor-element elementor-element-681cb60 elementor-section-height-min-height elementor-section-stretched elementor-section-boxed elementor-section-height-default elementor-section-items-middle\" data-id=\"681cb60\" data-element_type=\"section\" data-settings=\"{&quot;stretch_section&quot;:&quot;section-stretched&quot;,&quot;background_background&quot;:&quot;classic&quot;}\">\n\t\t\t\t\t\t\t<div class=\"elementor-background-overlay\"><\/div>\n\t\t\t\t\t\t\t<div class=\"elementor-container elementor-column-gap-default\">\n\t\t\t\t\t<div class=\"elementor-column elementor-col-100 elementor-top-column elementor-element elementor-element-9b8899b\" data-id=\"9b8899b\" data-element_type=\"column\">\n\t\t\t<div class=\"elementor-widget-wrap elementor-element-populated\">\n\t\t\t\t\t\t<div class=\"elementor-element elementor-element-6c2e0f3 elementor-widget elementor-widget-heading\" data-id=\"6c2e0f3\" data-element_type=\"widget\" data-widget_type=\"heading.default\">\n\t\t\t\t<div class=\"elementor-widget-container\">\n\t\t\t<h1 class=\"elementor-heading-title elementor-size-default\">\u00c7EREZ POL\u0130T\u0130KASI<\/h1>\t\t<\/div>\n\t\t\t\t<\/div>\n\t\t\t\t\t<\/div>\n\t\t<\/div>\n\t\t\t\t\t<\/div>\n\t\t<\/section>\n\t\t\t\t<section class=\"elementor-section elementor-top-section elementor-element elementor-element-213fb9a elementor-section-boxed elementor-section-height-default elementor-section-height-default\" data-id=\"213fb9a\" data-element_type=\"section\">\n\t\t\t\t\t\t<div class=\"elementor-container elementor-column-gap-default\">\n\t\t\t\t\t<div class=\"elementor-column elementor-col-100 elementor-top-column elementor-element elementor-element-47272e1\" data-id=\"47272e1\" data-element_type=\"column\">\n\t\t\t<div class=\"elementor-widget-wrap elementor-element-populated\">\n\t\t\t\t\t\t<div class=\"elementor-element elementor-element-3387273 elementor-widget elementor-widget-heading\" data-id=\"3387273\" data-element_type=\"widget\" data-widget_type=\"heading.default\">\n\t\t\t\t<div class=\"elementor-widget-container\">\n\t\t\t<h2 class=\"elementor-heading-title elementor-size-default\">\u00c7EREZ POL\u0130T\u0130KASI<\/h2>\t\t<\/div>\n\t\t\t\t<\/div>\n\t\t\t\t<div class=\"elementor-element elementor-element-3c8bc2b elementor-widget elementor-widget-text-editor\" data-id=\"3c8bc2b\" data-element_type=\"widget\" data-widget_type=\"text-editor.default\">\n\t\t\t\t<div class=\"elementor-widget-container\">\n\t\t\t\t\t\t\t<p><strong>1. \u00c7erez Nedir ve Neden Kullan\u0131lmaktad\u0131r?<\/strong><\/p><p>\u00d6ZEL Avukatl\u0131k Dan\u0131\u015fmanl\u0131k olarak internet sitemizden en verimli \u015fekilde faydalanabilmeniz ve kullan\u0131c\u0131 deneyiminizi geli\u015ftirebilmek i\u00e7in \u00c7erez (cookie) kullan\u0131yoruz.<\/p><p>\u00c7erezler (cookie) bir web sitesi taraf\u0131ndan cihaz\u0131n\u0131zda olu\u015fturulan ve isim-de\u011fer format\u0131nda veri bar\u0131nd\u0131ran k\u00fc\u00e7\u00fck metin dosyalar\u0131d\u0131r. \u00c7erezler; ziyaret etti\u011finiz web sitesinin, cihaz\u0131n\u0131zda bilgi saklamas\u0131n\u0131 ve saklanan bu bilgilerin sonraki ziyaretleriniz s\u0131ras\u0131nda web sitesi taraf\u0131ndan kullan\u0131lmas\u0131n\u0131 m\u00fcmk\u00fcn k\u0131lmaktad\u0131r.<\/p><p>\u00c7erezler ayn\u0131 zamanda gelecekte sitelerimiz \u00fczerinde ger\u00e7ekle\u015ftirece\u011finiz faaliyet ve deneyimleri h\u0131zland\u0131rmak ve geli\u015ftirmek amac\u0131yla da kullan\u0131labilir. Ayr\u0131ca \u00e7erezleri, ki\u015filerin sitelerimizi nas\u0131l kulland\u0131klar\u0131n\u0131 anlamam\u0131z\u0131 sa\u011flayan isimsiz ve toplu istatistiki verileri bir araya getirmemize ve sitelerimizin yap\u0131lar\u0131n\u0131 ve i\u00e7eriklerini geli\u015ftirmemize yard\u0131mc\u0131 olmalar\u0131 amac\u0131yla kullanmaktay\u0131z. Bu veriler, sizin kimli\u011finizi tan\u0131mlamam\u0131z\u0131 sa\u011flayabilecek bilgiler de\u011fildir.<\/p><p>(i) Web sitemize ziyaretiniz s\u0131ras\u0131nda gezinti ve kullan\u0131m tercihlerinizi hat\u0131rlamak (\u00f6rn. g\u00f6r\u00fcnt\u00fcleme dili vb.), web sitemizin kullan\u0131m\u0131n\u0131 kolayla\u015ft\u0131rmak ve web sitemizi tercihlerinize g\u00f6re \u00f6zelle\u015ftirmek,<\/p><p>(ii)\u00a0Web sitemizin \u00e7e\u015fitli \u00f6zelliklerinin ve i\u015flevlerinin d\u00fczg\u00fcn bir \u015fekilde \u00e7al\u0131\u015fmas\u0131n\u0131 sa\u011flamak (\u00f6rn. oturumunuzu a\u00e7\u0131k tutmak, dinamik i\u00e7eri\u011fi yerle\u015ftirmek vb.);<\/p><p>(iii) Web sitemizin ziyaret\u00e7ilerimiz taraf\u0131ndan nas\u0131l kullan\u0131ld\u0131\u011f\u0131 hakk\u0131nda en \u00e7ok t\u0131klanan ba\u011flant\u0131lar, en \u00e7ok ziyaret edilen sayfalar, g\u00f6r\u00fcnt\u00fclenen hata mesaj\u0131 say\u0131s\u0131 gibi, \u015fahsa \u00f6zel olmayan, genel bilgiler toplamak ve bu bilgileri analiz ederek hatal\u0131 sayfalar\u0131 i\u015fler hale getirmek, web sitemizi geli\u015ftirmek, tercih edilmeyen sayfalar\u0131 kald\u0131rmak veya iyile\u015ftirmek amac\u0131 ile \u00e7erez kullan\u0131lmaktad\u0131r.<\/p><p><strong>2. \u0130nternet Sitemizde Kullan\u0131lan \u00c7erez T\u00fcrleri<\/strong><\/p><p><strong>Oturum \u00c7erezleri (Session Cookies):<\/strong> Oturum \u00e7erezleri ziyaret\u00e7ilerimizin internet sitesini ziyaretleri s\u00fcresince kullan\u0131lan, taray\u0131c\u0131 kapat\u0131ld\u0131ktan sonra silinen ge\u00e7ici \u00e7erezlerdir. Bu t\u00fcr \u00e7erezlerin kullan\u0131lmas\u0131n\u0131n temel amac\u0131 ziyaretiniz s\u00fcresince internet sitesinin d\u00fczg\u00fcn bir bi\u00e7imde \u00e7al\u0131\u015fmas\u0131n\u0131n teminini sa\u011flamakt\u0131r. \u00d6rne\u011fin; birden fazla sayfadan olu\u015fan \u00e7evrimi\u00e7i formlar\u0131 doldurman\u0131z sa\u011flanmaktad\u0131r.<\/p><p><strong>Kal\u0131c\u0131 \u00c7erezler (Persistent Cookies):<\/strong> Kal\u0131c\u0131 \u00e7erezler internet sitesinin i\u015flevselli\u011fini art\u0131rmak, ziyaret\u00e7ilerimize daha h\u0131zl\u0131 ve iyi bir hizmet sunmak amac\u0131yla kullan\u0131lan \u00e7erez t\u00fcrleridir. Bu t\u00fcr \u00e7erezler tercihlerinizi hat\u0131rlamak i\u00e7in kullan\u0131l\u0131r ve taray\u0131c\u0131lar vas\u0131tas\u0131yla cihaz\u0131n\u0131zda depolan\u0131r. \u0130nternet sitesini kullan\u0131m amac\u0131n\u0131z gibi hususlar g\u00f6z \u00f6n\u00fcnde bulundurarak sizlere \u00f6zel \u00f6neriler sunulmas\u0131 i\u00e7in kullan\u0131labilmektedir. Kal\u0131c\u0131 \u00e7erezler sayesinde internet sitemizi ayn\u0131 cihazla tekrardan ziyaret etmeniz durumunda, cihaz\u0131n\u0131zda internet sitemiz taraf\u0131ndan olu\u015fturulmu\u015f bir \u00e7erez olup olmad\u0131\u011f\u0131 kontrol edilir ve var ise, sizin siteyi daha \u00f6nce ziyaret etti\u011finiz anla\u015f\u0131l\u0131r ve size iletilecek i\u00e7erik bu do\u011frultuda belirlenir.<\/p><p><strong>3. \u0130nternet Sitemizde Kullan\u0131lan \u00c7erez Kategorileri <\/strong><br \/><strong>Otantikasyon \u00c7erezleri (Authentication Cookies):<\/strong> Ziyaret\u00e7iler, bilgileri kullanarak internet sitesine giri\u015f yapmalar\u0131 durumunda, bu t\u00fcr \u00e7erezler ile, ziyaret\u00e7inin internet sitesinde ziyaret etti\u011fi her bir sayfada site kullan\u0131c\u0131s\u0131 oldu\u011fu belirlenerek, kullan\u0131c\u0131n\u0131n her sayfada \u015fifresini yeniden girmesi \u00f6nlenir.<\/p><p><strong>Analitik \u00c7erezler (Analytical Cookies):<\/strong> Analitik \u00e7erezler ile internet sitesini ziyaret edenlerin say\u0131lar\u0131, internet sitesinde g\u00f6r\u00fcnt\u00fclenen sayfalar\u0131n tespiti, internet sitesi ziyaret saatleri, internet sitesi sayfalar\u0131 kayd\u0131rma hareketleri gibi analitik sonu\u00e7lar\u0131n \u00fcretimini sa\u011flayan \u00e7erezlerdir.<\/p><p>\u00c7erez (cookie) kullan\u0131lmas\u0131n\u0131 tercih etmezseniz taray\u0131c\u0131n\u0131z\u0131n ayarlar\u0131ndan \u00c7erez (cookie)\u2019leri silebilir ya da engelleyebilirsiniz. Ancak bunun internet sitemizin kullan\u0131m\u0131n\u0131z\u0131 etkileyebilece\u011fini hat\u0131rlatmak isteriz. Taray\u0131c\u0131n\u0131zdan \u00c7erez (cookie) ayarlar\u0131n\u0131z\u0131 de\u011fi\u015ftirmedi\u011finiz s\u00fcrece internet sitelerimizde \u00e7erez kullan\u0131m\u0131n\u0131 kabul etti\u011finizi varsayaca\u011f\u0131z. \u00c7erezler i\u015fbu Politika\u2019da belirtilen ama\u00e7lar d\u0131\u015f\u0131nda kullan\u0131lmamakta olup t\u00fcm ilgili i\u015flemler veri koruma mevzuat\u0131na uygun olarak y\u00fcr\u00fct\u00fclmektedir. Ki\u015fisel verilerinizin taraf\u0131m\u0131zca i\u015flenmesi hakk\u0131nda daha detayl\u0131 bilgi i\u00e7in l\u00fctfen \u00d6ZEL sitesinde yay\u0131nlanan \u201cAyd\u0131nlatma Metni\u201dni ve \u201cKi\u015fisel Verilerin Korunmas\u0131 ve \u0130\u015flenmesi Politikas\u0131\u201dn\u0131 okuyunuz.<\/p>\t\t\t\t\t\t<\/div>\n\t\t\t\t<\/div>\n\t\t\t\t\t<\/div>\n\t\t<\/div>\n\t\t\t\t\t<\/div>\n\t\t<\/section>\n\t\t\t\t<section class=\"elementor-section elementor-top-section elementor-element elementor-element-0bca1b3 elementor-section-boxed elementor-section-height-default elementor-section-height-default\" data-id=\"0bca1b3\" data-element_type=\"section\">\n\t\t\t\t\t\t<div class=\"elementor-container elementor-column-gap-default\">\n\t\t\t\t\t<div class=\"elementor-column elementor-col-100 elementor-top-column elementor-element elementor-element-b6e7062\" data-id=\"b6e7062\" data-element_type=\"column\">\n\t\t\t<div class=\"elementor-widget-wrap elementor-element-populated\">\n\t\t\t\t\t\t<div class=\"elementor-element elementor-element-16abfc1 elementor-widget elementor-widget-heading\" data-id=\"16abfc1\" data-element_type=\"widget\" data-widget_type=\"heading.default\">\n\t\t\t\t<div class=\"elementor-widget-container\">\n\t\t\t<h2 class=\"elementor-heading-title elementor-size-default\">COOKIE POLICY<\/h2>\t\t<\/div>\n\t\t\t\t<\/div>\n\t\t\t\t<div class=\"elementor-element elementor-element-5f9381c elementor-widget elementor-widget-text-editor\" data-id=\"5f9381c\" data-element_type=\"widget\" data-widget_type=\"text-editor.default\">\n\t\t\t\t<div class=\"elementor-widget-container\">\n\t\t\t\t\t\t\t<p><strong>1. What Is A Cookie And Why Is It Used?<\/strong><\/p><p>We use cookies for you to make the most of our \u00d6ZEL Attorney Consultancy website and to enhance your user experience.<\/p><p>Cookies are small text files created by a website on your device that contain data in name-value format. Cookies enable the website you visit to store information on your device and to use this stored information by the website during your next visits.<\/p><p>Cookies may also be used to speed up and improve your future activities and experiences on our sites. We also use cookies to help us gather anonymous and aggregated statistical data that enables us to understand how people use our sites, and to help us improve the structure and content of our sites. These data are not information that could enable us to identify you.<\/p><p>(i) To remember your navigation and usage preferences (eg display language etc.), to facilitate the use of our website and to customize our website according to your preferences,<\/p><p>(ii) To ensure the proper functioning of various features and functions of our website (e.g. keeping you logged in, embed dynamic content, etc.);<\/p><p>(iii) Cookies are used for collecting non-personal, general information about how our website is used by our visitors, such as the most clicked links, most visited pages, and the number of error messages viewed, and analyzing this information to render faulty pages, improve our website, and remove unpreferred pages.<\/p><p><strong>2. Types of Cookies Used on Our Website<\/strong><\/p><p><strong>Session Cookies:<\/strong> Session cookies are temporary cookies that are used during the visits of our visitors to the web site and are deleted after the browser is closed. The main purpose of using such cookies is to ensure the proper functioning of the web site during your visit. For instance; this type of cookie makes it possible for you to fill the online forms composed of more than one page.<\/p><p><strong>Persistent Cookies:<\/strong> Persistent cookies are the types of cookies used to increase the functionality of the web site and to provide a faster and better service to our visitors. This kind of cookies are used to remember your preferences and are stored on your device via browsers. Some types of persistent cookies may be used to provide you specific suggestions by considering your intended use of the web site. With the help of persistent cookies in the event that you visit our website again with the same device, it is checked whether there is a cookie created by our website on your device, and if you have, it is understood that you have visited the web site before and the content to be offered to you is determined accordingly and thus a better service is provided to you.<\/p><p><strong>3. Categories of Cookies Used on Our Website <\/strong><\/p><p><strong>Authentication Cookies:<\/strong> When visitors log on to the website with their passwords, by the help of this kind of cookies, visitors are identified to be a site user for each page that they visit on the web site and this prevents users to re-enter their passwords on each page.<\/p><p><strong>Analytical Cookies:<\/strong> With analytical cookies, it is possible to produce analytical results such as the number of visitors to the web site, the pages displayed on the web site, visit hours of the web site and scrolling movements of the web sites.<\/p><p>If you do not prefer to use cookies, you can delete or block cookies from your browser&#8217;s settings. But please note that this may affect your use of our website. Unless you change your Cookie settings on your browser, we will assume that you accept the use of cookies on our websites. Cookies are not used for purposes other than those specified in this Policy, and all relevant transactions are carried out in accordance with data protection legislation. For more detailed information about the processing of your personal data by us, please read the &#8220;Clarification Text&#8221; and the &#8220;Personal Data Protection and Processing Policy&#8221; published on the \u00d6ZEL website.<\/p>\t\t\t\t\t\t<\/div>\n\t\t\t\t<\/div>\n\t\t\t\t\t<\/div>\n\t\t<\/div>\n\t\t\t\t\t<\/div>\n\t\t<\/section>\n\t\t\t\t<\/div>\n\t\t","protected":false},"excerpt":{"rendered":"<p>\u00c7EREZ POL\u0130T\u0130KASI \u00c7EREZ POL\u0130T\u0130KASI 1. \u00c7erez Nedir ve Neden Kullan\u0131lmaktad\u0131r? \u00d6ZEL Avukatl\u0131k Dan\u0131\u015fmanl\u0131k olarak internet sitemizden en verimli \u015fekilde faydalanabilmeniz ve kullan\u0131c\u0131 deneyiminizi geli\u015ftirebilmek i\u00e7in \u00c7erez (cookie) kullan\u0131yoruz. \u00c7erezler (cookie) bir web sitesi taraf\u0131ndan cihaz\u0131n\u0131zda olu\u015fturulan ve isim-de\u011fer format\u0131nda veri bar\u0131nd\u0131ran k\u00fc\u00e7\u00fck metin dosyalar\u0131d\u0131r. \u00c7erezler; ziyaret etti\u011finiz web sitesinin, cihaz\u0131n\u0131zda bilgi saklamas\u0131n\u0131 ve saklanan bu&hellip;<\/p>\n","protected":false},"author":1,"featured_media":0,"parent":0,"menu_order":0,"comment_status":"closed","ping_status":"closed","template":"","meta":{"footnotes":""},"class_list":["post-500","page","type-page","status-publish","hentry"],"_links":{"self":[{"href":"https:\/\/ozel.law\/tr\/wp-json\/wp\/v2\/pages\/500","targetHints":{"allow":["GET"]}}],"collection":[{"href":"https:\/\/ozel.law\/tr\/wp-json\/wp\/v2\/pages"}],"about":[{"href":"https:\/\/ozel.law\/tr\/wp-json\/wp\/v2\/types\/page"}],"author":[{"embeddable":true,"href":"https:\/\/ozel.law\/tr\/wp-json\/wp\/v2\/users\/1"}],"replies":[{"embeddable":true,"href":"https:\/\/ozel.law\/tr\/wp-json\/wp\/v2\/comments?post=500"}],"version-history":[{"count":0,"href":"https:\/\/ozel.law\/tr\/wp-json\/wp\/v2\/pages\/500\/revisions"}],"wp:attachment":[{"href":"https:\/\/ozel.law\/tr\/wp-json\/wp\/v2\/media?parent=500"}],"curies":[{"name":"wp","href":"https:\/\/api.w.org\/{rel}","templated":true}]}}