{"id":670,"date":"2021-06-30T10:13:21","date_gmt":"2021-06-30T07:13:21","guid":{"rendered":"http:\/\/ozel.law\/tr\/?page_id=670"},"modified":"2021-07-13T11:59:20","modified_gmt":"2021-07-13T08:59:20","slug":"ulusal-ve-uluslararasi-tahkim","status":"publish","type":"page","link":"https:\/\/ozel.law\/tr\/calisma-alanlari\/ulusal-ve-uluslararasi-tahkim\/","title":{"rendered":"Ulusal ve Uluslararas\u0131 Tahkim"},"content":{"rendered":"\t\t<div data-elementor-type=\"wp-page\" data-elementor-id=\"670\" class=\"elementor elementor-670\" data-elementor-post-type=\"page\">\n\t\t\t\t\t\t<section class=\"elementor-section elementor-top-section elementor-element elementor-element-887e4c9 elementor-section-height-min-height elementor-section-stretched elementor-section-boxed elementor-section-height-default elementor-section-items-middle\" data-id=\"887e4c9\" data-element_type=\"section\" data-settings=\"{&quot;stretch_section&quot;:&quot;section-stretched&quot;,&quot;background_background&quot;:&quot;classic&quot;}\">\n\t\t\t\t\t\t\t<div class=\"elementor-background-overlay\"><\/div>\n\t\t\t\t\t\t\t<div class=\"elementor-container elementor-column-gap-default\">\n\t\t\t\t\t<div class=\"elementor-column elementor-col-100 elementor-top-column elementor-element elementor-element-36188a1\" data-id=\"36188a1\" data-element_type=\"column\">\n\t\t\t<div class=\"elementor-widget-wrap elementor-element-populated\">\n\t\t\t\t\t\t<div class=\"elementor-element elementor-element-0ee8156 elementor-widget elementor-widget-heading\" data-id=\"0ee8156\" data-element_type=\"widget\" data-widget_type=\"heading.default\">\n\t\t\t\t<div class=\"elementor-widget-container\">\n\t\t\t<h1 class=\"elementor-heading-title elementor-size-default\">Ulusal ve Uluslararas\u0131 Tahkim <\/h1>\t\t<\/div>\n\t\t\t\t<\/div>\n\t\t\t\t\t<\/div>\n\t\t<\/div>\n\t\t\t\t\t<\/div>\n\t\t<\/section>\n\t\t\t\t<section class=\"elementor-section elementor-top-section elementor-element elementor-element-e292e09 elementor-section-boxed elementor-section-height-default elementor-section-height-default\" data-id=\"e292e09\" data-element_type=\"section\">\n\t\t\t\t\t\t<div class=\"elementor-container elementor-column-gap-default\">\n\t\t\t\t\t<div class=\"elementor-column elementor-col-100 elementor-top-column elementor-element elementor-element-f77ca0a\" data-id=\"f77ca0a\" data-element_type=\"column\">\n\t\t\t<div class=\"elementor-widget-wrap elementor-element-populated\">\n\t\t\t\t\t\t<div class=\"elementor-element elementor-element-628ab6e elementor-widget elementor-widget-text-editor\" data-id=\"628ab6e\" data-element_type=\"widget\" data-widget_type=\"text-editor.default\">\n\t\t\t\t<div class=\"elementor-widget-container\">\n\t\t\t\t\t\t\t<p>\u00d6ZEL, ulusal ve uluslararas\u0131 seviyedeki ticaret ve yat\u0131r\u0131m konular\u0131na ili\u015fkin olarak tahkim hizmetleri sa\u011flamaktad\u0131r. D\u00fcnyan\u0131n hemen her yerinde bulunan tahkim kurumlar\u0131n\u0131n nezaretinde y\u00fcr\u00fct\u00fclen t\u00fcm s\u00fcre\u00e7lerde aktif bir rol alan \u00d6ZEL, uygulanacak hukuka dair yapt\u0131\u011f\u0131 ciddi ara\u015ft\u0131rmalar\u0131n yan\u0131 s\u0131ra, tahkim prosed\u00fcrlerinin yarataca\u011f\u0131 birtak\u0131m y\u00fcksek maliyetleri de \u00f6ng\u00f6rerek hareket etmekte ve m\u00fcvekkilleri i\u00e7in k\u0131sa vadeli ve d\u00fc\u015f\u00fck maliyetli \u00e7\u00f6z\u00fcm aray\u0131\u015f\u0131nda bulunmaktad\u0131r.<\/p><p>Bug\u00fcne kadar prestijli tahkim kurumlar\u0131n\u0131n bir \u00e7o\u011funda tahkim s\u00fcre\u00e7leri i\u015fletmi\u015f olan \u00d6ZEL, kurumlar\u0131n kendi i\u00e7 i\u015fleyi\u015flerine ve usullerine dair de y\u00fcksek bir hakimiyete sahiptir.<\/p>\t\t\t\t\t\t<\/div>\n\t\t\t\t<\/div>\n\t\t\t\t\t<\/div>\n\t\t<\/div>\n\t\t\t\t\t<\/div>\n\t\t<\/section>\n\t\t\t\t<\/div>\n\t\t","protected":false},"excerpt":{"rendered":"<p>Ulusal ve Uluslararas\u0131 Tahkim \u00d6ZEL, ulusal ve uluslararas\u0131 seviyedeki ticaret ve yat\u0131r\u0131m konular\u0131na ili\u015fkin olarak tahkim hizmetleri sa\u011flamaktad\u0131r. D\u00fcnyan\u0131n hemen her yerinde bulunan tahkim kurumlar\u0131n\u0131n nezaretinde y\u00fcr\u00fct\u00fclen t\u00fcm s\u00fcre\u00e7lerde aktif bir rol alan \u00d6ZEL, uygulanacak hukuka dair yapt\u0131\u011f\u0131 ciddi ara\u015ft\u0131rmalar\u0131n yan\u0131 s\u0131ra, tahkim prosed\u00fcrlerinin yarataca\u011f\u0131 birtak\u0131m y\u00fcksek maliyetleri de \u00f6ng\u00f6rerek hareket etmekte ve m\u00fcvekkilleri i\u00e7in&hellip;<\/p>\n","protected":false},"author":1,"featured_media":0,"parent":406,"menu_order":0,"comment_status":"closed","ping_status":"closed","template":"","meta":{"footnotes":""},"class_list":["post-670","page","type-page","status-publish","hentry"],"_links":{"self":[{"href":"https:\/\/ozel.law\/tr\/wp-json\/wp\/v2\/pages\/670","targetHints":{"allow":["GET"]}}],"collection":[{"href":"https:\/\/ozel.law\/tr\/wp-json\/wp\/v2\/pages"}],"about":[{"href":"https:\/\/ozel.law\/tr\/wp-json\/wp\/v2\/types\/page"}],"author":[{"embeddable":true,"href":"https:\/\/ozel.law\/tr\/wp-json\/wp\/v2\/users\/1"}],"replies":[{"embeddable":true,"href":"https:\/\/ozel.law\/tr\/wp-json\/wp\/v2\/comments?post=670"}],"version-history":[{"count":0,"href":"https:\/\/ozel.law\/tr\/wp-json\/wp\/v2\/pages\/670\/revisions"}],"up":[{"embeddable":true,"href":"https:\/\/ozel.law\/tr\/wp-json\/wp\/v2\/pages\/406"}],"wp:attachment":[{"href":"https:\/\/ozel.law\/tr\/wp-json\/wp\/v2\/media?parent=670"}],"curies":[{"name":"wp","href":"https:\/\/api.w.org\/{rel}","templated":true}]}}