{"id":675,"date":"2021-06-30T10:20:26","date_gmt":"2021-06-30T07:20:26","guid":{"rendered":"http:\/\/ozel.law\/tr\/?page_id=675"},"modified":"2021-07-13T12:00:30","modified_gmt":"2021-07-13T09:00:30","slug":"arabuluculuk-ve-danismanlik","status":"publish","type":"page","link":"https:\/\/ozel.law\/tr\/calisma-alanlari\/arabuluculuk-ve-danismanlik\/","title":{"rendered":"Arabuluculuk ve Dan\u0131\u015fmanl\u0131k"},"content":{"rendered":"\t\t<div data-elementor-type=\"wp-page\" data-elementor-id=\"675\" class=\"elementor elementor-675\" data-elementor-post-type=\"page\">\n\t\t\t\t\t\t<section class=\"elementor-section elementor-top-section elementor-element elementor-element-a57c63a elementor-section-height-min-height elementor-section-stretched elementor-section-boxed elementor-section-height-default elementor-section-items-middle\" data-id=\"a57c63a\" data-element_type=\"section\" data-settings=\"{&quot;stretch_section&quot;:&quot;section-stretched&quot;,&quot;background_background&quot;:&quot;classic&quot;}\">\n\t\t\t\t\t\t\t<div class=\"elementor-background-overlay\"><\/div>\n\t\t\t\t\t\t\t<div class=\"elementor-container elementor-column-gap-default\">\n\t\t\t\t\t<div class=\"elementor-column elementor-col-100 elementor-top-column elementor-element elementor-element-172e289\" data-id=\"172e289\" data-element_type=\"column\">\n\t\t\t<div class=\"elementor-widget-wrap elementor-element-populated\">\n\t\t\t\t\t\t<div class=\"elementor-element elementor-element-6c6b4db elementor-widget elementor-widget-heading\" data-id=\"6c6b4db\" data-element_type=\"widget\" data-widget_type=\"heading.default\">\n\t\t\t\t<div class=\"elementor-widget-container\">\n\t\t\t<h1 class=\"elementor-heading-title elementor-size-default\">Arabuluculuk ve Dan\u0131\u015fmanl\u0131k <\/h1>\t\t<\/div>\n\t\t\t\t<\/div>\n\t\t\t\t\t<\/div>\n\t\t<\/div>\n\t\t\t\t\t<\/div>\n\t\t<\/section>\n\t\t\t\t<section class=\"elementor-section elementor-top-section elementor-element elementor-element-bdbda95 elementor-section-boxed elementor-section-height-default elementor-section-height-default\" data-id=\"bdbda95\" data-element_type=\"section\">\n\t\t\t\t\t\t<div class=\"elementor-container elementor-column-gap-default\">\n\t\t\t\t\t<div class=\"elementor-column elementor-col-100 elementor-top-column elementor-element elementor-element-8ea4a02\" data-id=\"8ea4a02\" data-element_type=\"column\">\n\t\t\t<div class=\"elementor-widget-wrap elementor-element-populated\">\n\t\t\t\t\t\t<div class=\"elementor-element elementor-element-310ee9f elementor-widget elementor-widget-text-editor\" data-id=\"310ee9f\" data-element_type=\"widget\" data-widget_type=\"text-editor.default\">\n\t\t\t\t<div class=\"elementor-widget-container\">\n\t\t\t\t\t\t\t<p>\u00d6ZEL, m\u00fcvekkili olan ticari firmalar\u0131n zorunlu yahut ihtiyari t\u00fcm arabuluculuk s\u00fcre\u00e7lerinde rol almaktad\u0131r. Arabuluculuk faaliyetlerinin gere\u011fi olan uzla\u015fma aray\u0131\u015f\u0131 ve pazarl\u0131k konular\u0131nda da ba\u015far\u0131l\u0131 \u00e7al\u0131\u015fmalar y\u00fcr\u00fcten \u00d6ZEL, \u00f6zellikle de uzun dava s\u00fcrelerinden zarar g\u00f6rmesi muhtemel m\u00fcvekkillerini bu yolda \u00e7\u00f6z\u00fcm aramak hususunda te\u015fvik etmektedir.<\/p><p>\u00d6ZEL taraf\u0131ndan m\u00fcvekkillere sa\u011flanan en \u00f6nemli hizmetlerden bir di\u011feri ise \u00f6nleyici hukuki dan\u0131\u015fmanl\u0131k hizmetidir. Bu hizmet ile \u00d6ZEL, kendi tecr\u00fcbelerinden, benzer hadiselerdeki neticelerden ve m\u00fcvekkilin i\u00e7inde bulundu\u011fu ticari pozisyondan yola \u00e7\u0131karak hareket etmekte ve \u00f6zellikle de s\u00f6zle\u015fmelerin haz\u0131rlanmas\u0131, t\u00fcm ticari s\u00fcre\u00e7lerin takip edilmesi ve ileride ya\u015fanacak bir hukuki uyu\u015fmazl\u0131\u011fa dair daha ilk andan tedbir al\u0131nmas\u0131 amac\u0131n\u0131 ta\u015f\u0131maktad\u0131r.<\/p>\t\t\t\t\t\t<\/div>\n\t\t\t\t<\/div>\n\t\t\t\t\t<\/div>\n\t\t<\/div>\n\t\t\t\t\t<\/div>\n\t\t<\/section>\n\t\t\t\t<\/div>\n\t\t","protected":false},"excerpt":{"rendered":"<p>Arabuluculuk ve Dan\u0131\u015fmanl\u0131k \u00d6ZEL, m\u00fcvekkili olan ticari firmalar\u0131n zorunlu yahut ihtiyari t\u00fcm arabuluculuk s\u00fcre\u00e7lerinde rol almaktad\u0131r. Arabuluculuk faaliyetlerinin gere\u011fi olan uzla\u015fma aray\u0131\u015f\u0131 ve pazarl\u0131k konular\u0131nda da ba\u015far\u0131l\u0131 \u00e7al\u0131\u015fmalar y\u00fcr\u00fcten \u00d6ZEL, \u00f6zellikle de uzun dava s\u00fcrelerinden zarar g\u00f6rmesi muhtemel m\u00fcvekkillerini bu yolda \u00e7\u00f6z\u00fcm aramak hususunda te\u015fvik etmektedir. \u00d6ZEL taraf\u0131ndan m\u00fcvekkillere sa\u011flanan en \u00f6nemli hizmetlerden bir di\u011feri&hellip;<\/p>\n","protected":false},"author":1,"featured_media":0,"parent":406,"menu_order":0,"comment_status":"closed","ping_status":"closed","template":"","meta":{"footnotes":""},"class_list":["post-675","page","type-page","status-publish","hentry"],"_links":{"self":[{"href":"https:\/\/ozel.law\/tr\/wp-json\/wp\/v2\/pages\/675","targetHints":{"allow":["GET"]}}],"collection":[{"href":"https:\/\/ozel.law\/tr\/wp-json\/wp\/v2\/pages"}],"about":[{"href":"https:\/\/ozel.law\/tr\/wp-json\/wp\/v2\/types\/page"}],"author":[{"embeddable":true,"href":"https:\/\/ozel.law\/tr\/wp-json\/wp\/v2\/users\/1"}],"replies":[{"embeddable":true,"href":"https:\/\/ozel.law\/tr\/wp-json\/wp\/v2\/comments?post=675"}],"version-history":[{"count":0,"href":"https:\/\/ozel.law\/tr\/wp-json\/wp\/v2\/pages\/675\/revisions"}],"up":[{"embeddable":true,"href":"https:\/\/ozel.law\/tr\/wp-json\/wp\/v2\/pages\/406"}],"wp:attachment":[{"href":"https:\/\/ozel.law\/tr\/wp-json\/wp\/v2\/media?parent=675"}],"curies":[{"name":"wp","href":"https:\/\/api.w.org\/{rel}","templated":true}]}}