{"id":685,"date":"2021-06-30T11:08:40","date_gmt":"2021-06-30T08:08:40","guid":{"rendered":"http:\/\/ozel.law\/tr\/?page_id=685"},"modified":"2021-07-13T12:01:09","modified_gmt":"2021-07-13T09:01:09","slug":"birlesme-ve-devralmalar","status":"publish","type":"page","link":"https:\/\/ozel.law\/tr\/calisma-alanlari\/birlesme-ve-devralmalar\/","title":{"rendered":"Birle\u015fme ve Devralmalar"},"content":{"rendered":"\t\t<div data-elementor-type=\"wp-page\" data-elementor-id=\"685\" class=\"elementor elementor-685\" data-elementor-post-type=\"page\">\n\t\t\t\t\t\t<section class=\"elementor-section elementor-top-section elementor-element elementor-element-82caf05 elementor-section-height-min-height elementor-section-stretched elementor-section-boxed elementor-section-height-default elementor-section-items-middle\" data-id=\"82caf05\" data-element_type=\"section\" data-settings=\"{&quot;stretch_section&quot;:&quot;section-stretched&quot;,&quot;background_background&quot;:&quot;classic&quot;}\">\n\t\t\t\t\t\t\t<div class=\"elementor-background-overlay\"><\/div>\n\t\t\t\t\t\t\t<div class=\"elementor-container elementor-column-gap-default\">\n\t\t\t\t\t<div class=\"elementor-column elementor-col-100 elementor-top-column elementor-element elementor-element-bf9f548\" data-id=\"bf9f548\" data-element_type=\"column\">\n\t\t\t<div class=\"elementor-widget-wrap elementor-element-populated\">\n\t\t\t\t\t\t<div class=\"elementor-element elementor-element-499d22e elementor-widget elementor-widget-heading\" data-id=\"499d22e\" data-element_type=\"widget\" data-widget_type=\"heading.default\">\n\t\t\t\t<div class=\"elementor-widget-container\">\n\t\t\t<h1 class=\"elementor-heading-title elementor-size-default\">Birle\u015fme ve Devralmalar <\/h1>\t\t<\/div>\n\t\t\t\t<\/div>\n\t\t\t\t\t<\/div>\n\t\t<\/div>\n\t\t\t\t\t<\/div>\n\t\t<\/section>\n\t\t\t\t<section class=\"elementor-section elementor-top-section elementor-element elementor-element-aa1f9b2 elementor-section-boxed elementor-section-height-default elementor-section-height-default\" data-id=\"aa1f9b2\" data-element_type=\"section\">\n\t\t\t\t\t\t<div class=\"elementor-container elementor-column-gap-default\">\n\t\t\t\t\t<div class=\"elementor-column elementor-col-100 elementor-top-column elementor-element elementor-element-4f3d3f2\" data-id=\"4f3d3f2\" data-element_type=\"column\">\n\t\t\t<div class=\"elementor-widget-wrap elementor-element-populated\">\n\t\t\t\t\t\t<div class=\"elementor-element elementor-element-b280fea elementor-widget elementor-widget-text-editor\" data-id=\"b280fea\" data-element_type=\"widget\" data-widget_type=\"text-editor.default\">\n\t\t\t\t<div class=\"elementor-widget-container\">\n\t\t\t\t\t\t\t<p>\u00d6ZEL, yerli ve yabanc\u0131 \u015firketlerin birle\u015fme ve devralma i\u015flemlerini, ilgili \u015firketlerin \u201cdue diligence\u201d s\u00fcre\u00e7lerini de i\u00e7ine alacak \u015fekilde planlamakta ve ger\u00e7ekle\u015ftirmektedir.<\/p><p>Olduk\u00e7a hassas bir d\u00f6neme\u00e7 olarak tan\u0131mlanabilecek bu s\u00fcrecin her safhas\u0131nda varl\u0131k g\u00f6steren \u00d6ZEL, \u00f6n mutabakat s\u00f6zle\u015fmelerinin haz\u0131rlanmas\u0131 (Memorandum of Understanding), due diligence ger\u00e7ekle\u015ftirilmesi ve hisse devir s\u00f6zle\u015fmelerinin (share purchase agreement) tamamlanmas\u0131, \u00e7oklu t\u00fczel ki\u015filerin yap\u0131land\u0131r\u0131lmas\u0131 hususlar\u0131nda rol almakta, bu \u00e7al\u0131\u015fmalar\u0131n yan\u0131 s\u0131ra, m\u00fcvekkilin talep etmesi halinde, g\u00f6r\u00fc\u015fme ve pazarl\u0131k a\u015famalar\u0131na da nezaret ederek taraflar aras\u0131nda kurulan her t\u00fcrl\u00fc ileti\u015fimi hukuki bir temele oturtmaktad\u0131r.<\/p>\t\t\t\t\t\t<\/div>\n\t\t\t\t<\/div>\n\t\t\t\t\t<\/div>\n\t\t<\/div>\n\t\t\t\t\t<\/div>\n\t\t<\/section>\n\t\t\t\t<\/div>\n\t\t","protected":false},"excerpt":{"rendered":"<p>Birle\u015fme ve Devralmalar \u00d6ZEL, yerli ve yabanc\u0131 \u015firketlerin birle\u015fme ve devralma i\u015flemlerini, ilgili \u015firketlerin \u201cdue diligence\u201d s\u00fcre\u00e7lerini de i\u00e7ine alacak \u015fekilde planlamakta ve ger\u00e7ekle\u015ftirmektedir. Olduk\u00e7a hassas bir d\u00f6neme\u00e7 olarak tan\u0131mlanabilecek bu s\u00fcrecin her safhas\u0131nda varl\u0131k g\u00f6steren \u00d6ZEL, \u00f6n mutabakat s\u00f6zle\u015fmelerinin haz\u0131rlanmas\u0131 (Memorandum of Understanding), due diligence ger\u00e7ekle\u015ftirilmesi ve hisse devir s\u00f6zle\u015fmelerinin (share purchase agreement) tamamlanmas\u0131,&hellip;<\/p>\n","protected":false},"author":1,"featured_media":0,"parent":406,"menu_order":0,"comment_status":"closed","ping_status":"closed","template":"","meta":{"footnotes":""},"class_list":["post-685","page","type-page","status-publish","hentry"],"_links":{"self":[{"href":"https:\/\/ozel.law\/tr\/wp-json\/wp\/v2\/pages\/685","targetHints":{"allow":["GET"]}}],"collection":[{"href":"https:\/\/ozel.law\/tr\/wp-json\/wp\/v2\/pages"}],"about":[{"href":"https:\/\/ozel.law\/tr\/wp-json\/wp\/v2\/types\/page"}],"author":[{"embeddable":true,"href":"https:\/\/ozel.law\/tr\/wp-json\/wp\/v2\/users\/1"}],"replies":[{"embeddable":true,"href":"https:\/\/ozel.law\/tr\/wp-json\/wp\/v2\/comments?post=685"}],"version-history":[{"count":0,"href":"https:\/\/ozel.law\/tr\/wp-json\/wp\/v2\/pages\/685\/revisions"}],"up":[{"embeddable":true,"href":"https:\/\/ozel.law\/tr\/wp-json\/wp\/v2\/pages\/406"}],"wp:attachment":[{"href":"https:\/\/ozel.law\/tr\/wp-json\/wp\/v2\/media?parent=685"}],"curies":[{"name":"wp","href":"https:\/\/api.w.org\/{rel}","templated":true}]}}