{"id":688,"date":"2021-06-30T11:11:01","date_gmt":"2021-06-30T08:11:01","guid":{"rendered":"http:\/\/ozel.law\/tr\/?page_id=688"},"modified":"2021-07-13T12:01:49","modified_gmt":"2021-07-13T09:01:49","slug":"sirketler-ve-sozlesmeler-hukuku","status":"publish","type":"page","link":"https:\/\/ozel.law\/tr\/calisma-alanlari\/sirketler-ve-sozlesmeler-hukuku\/","title":{"rendered":"\u015eirketler ve S\u00f6zle\u015fmeler Hukuku"},"content":{"rendered":"\t\t<div data-elementor-type=\"wp-page\" data-elementor-id=\"688\" class=\"elementor elementor-688\" data-elementor-post-type=\"page\">\n\t\t\t\t\t\t<section class=\"elementor-section elementor-top-section elementor-element elementor-element-d9eba86 elementor-section-height-min-height elementor-section-stretched elementor-section-boxed elementor-section-height-default elementor-section-items-middle\" data-id=\"d9eba86\" data-element_type=\"section\" data-settings=\"{&quot;stretch_section&quot;:&quot;section-stretched&quot;,&quot;background_background&quot;:&quot;classic&quot;}\">\n\t\t\t\t\t\t\t<div class=\"elementor-background-overlay\"><\/div>\n\t\t\t\t\t\t\t<div class=\"elementor-container elementor-column-gap-default\">\n\t\t\t\t\t<div class=\"elementor-column elementor-col-100 elementor-top-column elementor-element elementor-element-9697f75\" data-id=\"9697f75\" data-element_type=\"column\">\n\t\t\t<div class=\"elementor-widget-wrap elementor-element-populated\">\n\t\t\t\t\t\t<div class=\"elementor-element elementor-element-22812cd elementor-widget elementor-widget-heading\" data-id=\"22812cd\" data-element_type=\"widget\" data-widget_type=\"heading.default\">\n\t\t\t\t<div class=\"elementor-widget-container\">\n\t\t\t<h1 class=\"elementor-heading-title elementor-size-default\">\u015eirketler ve S\u00f6zle\u015fmeler Hukuku <\/h1>\t\t<\/div>\n\t\t\t\t<\/div>\n\t\t\t\t\t<\/div>\n\t\t<\/div>\n\t\t\t\t\t<\/div>\n\t\t<\/section>\n\t\t\t\t<section class=\"elementor-section elementor-top-section elementor-element elementor-element-adf4095 elementor-section-boxed elementor-section-height-default elementor-section-height-default\" data-id=\"adf4095\" data-element_type=\"section\">\n\t\t\t\t\t\t<div class=\"elementor-container elementor-column-gap-default\">\n\t\t\t\t\t<div class=\"elementor-column elementor-col-100 elementor-top-column elementor-element elementor-element-c116249\" data-id=\"c116249\" data-element_type=\"column\">\n\t\t\t<div class=\"elementor-widget-wrap elementor-element-populated\">\n\t\t\t\t\t\t<div class=\"elementor-element elementor-element-c053715 elementor-widget elementor-widget-text-editor\" data-id=\"c053715\" data-element_type=\"widget\" data-widget_type=\"text-editor.default\">\n\t\t\t\t<div class=\"elementor-widget-container\">\n\t\t\t\t\t\t\t<p>\u00d6ZEL, hizmet verdi\u011fi \u015firketlerin ilgili kanundan do\u011fan her t\u00fcrl\u00fc sorumlulu\u011funu takip etmekte, bu konuda m\u00fcvekkillerini bilgilendirmekte ve m\u00fcvekkillerin ger\u00e7ekle\u015ftirdi\u011fi i\u015f ve i\u015flemleri \u015firketler hukuku ve kurumsal y\u00f6netim \u00e7er\u00e7evesine de\u011ferlendirmektedir. \u00d6ZEL\u2019in ilgili s\u00fcre\u00e7lerde aktif olarak sa\u011flad\u0131\u011f\u0131 s\u00fcrekli dan\u0131\u015fmanl\u0131k hizmeti, m\u00fcvekkillerin ihtiyac\u0131 olan \u015firketler hukukuna dair her t\u00fcrl\u00fc bilginin en k\u0131sa s\u00fcrede ve do\u011fru bir bi\u00e7imde sa\u011flanmas\u0131n\u0131 temin etmektedir.\u00a0<\/p><p>\u00d6ZEL, y\u00f6netim kurulu toplant\u0131lar\u0131na y\u00f6nelik dan\u0131\u015fmanl\u0131k hizmetlerinin verilmesi, ola\u011fan ve ola\u011fan\u00fcst\u00fc genel kurul toplant\u0131lar\u0131n\u0131n y\u00fcr\u00fct\u00fclmesi, pay devirleri, T\u00fcrkiye\u2019de anonim \u015firketlerin, limited \u015firketlerin, \u015fubelerin ve irtibat b\u00fcrolar\u0131n\u0131n kurulmas\u0131, sermaye art\u0131r\u0131m\u0131 ile azalt\u0131m\u0131 s\u00fcre\u00e7lerinin \u015firketler hukuku a\u00e7\u0131s\u0131ndan de\u011ferlendirilmesi gibi olduk\u00e7a geni\u015f bir yelpazede faaliyetlerini s\u00fcrd\u00fcrmektedir.<\/p><p>Bunun yan\u0131 s\u0131ra, ticari konulu ulusal ve uluslararas\u0131 nitelikte t\u00fcm s\u00f6zle\u015fmelerin y\u00fcr\u00fct\u00fclmesi, tip s\u00f6zle\u015fmelerin haz\u0131rlanmas\u0131, bunlar\u0131n tahlillerinin yap\u0131larak yorumlanmas\u0131, risk analizlerinin haz\u0131rlanarak koruma mekanizmalar\u0131n\u0131n geli\u015ftirilmesi, s\u00f6zle\u015fmesel uyu\u015fmazl\u0131klardan kaynaklanan tahkim veya dava s\u00fcre\u00e7lerinin y\u00fcr\u00fct\u00fclmesi gibi konularda m\u00fcvekkillere avukatl\u0131k hizmeti sunulmaktad\u0131r.<\/p>\t\t\t\t\t\t<\/div>\n\t\t\t\t<\/div>\n\t\t\t\t\t<\/div>\n\t\t<\/div>\n\t\t\t\t\t<\/div>\n\t\t<\/section>\n\t\t\t\t<\/div>\n\t\t","protected":false},"excerpt":{"rendered":"<p>\u015eirketler ve S\u00f6zle\u015fmeler Hukuku \u00d6ZEL, hizmet verdi\u011fi \u015firketlerin ilgili kanundan do\u011fan her t\u00fcrl\u00fc sorumlulu\u011funu takip etmekte, bu konuda m\u00fcvekkillerini bilgilendirmekte ve m\u00fcvekkillerin ger\u00e7ekle\u015ftirdi\u011fi i\u015f ve i\u015flemleri \u015firketler hukuku ve kurumsal y\u00f6netim \u00e7er\u00e7evesine de\u011ferlendirmektedir. \u00d6ZEL\u2019in ilgili s\u00fcre\u00e7lerde aktif olarak sa\u011flad\u0131\u011f\u0131 s\u00fcrekli dan\u0131\u015fmanl\u0131k hizmeti, m\u00fcvekkillerin ihtiyac\u0131 olan \u015firketler hukukuna dair her t\u00fcrl\u00fc bilginin en k\u0131sa s\u00fcrede ve&hellip;<\/p>\n","protected":false},"author":1,"featured_media":0,"parent":406,"menu_order":0,"comment_status":"closed","ping_status":"closed","template":"","meta":{"footnotes":""},"class_list":["post-688","page","type-page","status-publish","hentry"],"_links":{"self":[{"href":"https:\/\/ozel.law\/tr\/wp-json\/wp\/v2\/pages\/688","targetHints":{"allow":["GET"]}}],"collection":[{"href":"https:\/\/ozel.law\/tr\/wp-json\/wp\/v2\/pages"}],"about":[{"href":"https:\/\/ozel.law\/tr\/wp-json\/wp\/v2\/types\/page"}],"author":[{"embeddable":true,"href":"https:\/\/ozel.law\/tr\/wp-json\/wp\/v2\/users\/1"}],"replies":[{"embeddable":true,"href":"https:\/\/ozel.law\/tr\/wp-json\/wp\/v2\/comments?post=688"}],"version-history":[{"count":0,"href":"https:\/\/ozel.law\/tr\/wp-json\/wp\/v2\/pages\/688\/revisions"}],"up":[{"embeddable":true,"href":"https:\/\/ozel.law\/tr\/wp-json\/wp\/v2\/pages\/406"}],"wp:attachment":[{"href":"https:\/\/ozel.law\/tr\/wp-json\/wp\/v2\/media?parent=688"}],"curies":[{"name":"wp","href":"https:\/\/api.w.org\/{rel}","templated":true}]}}