{"id":699,"date":"2021-06-30T11:16:25","date_gmt":"2021-06-30T08:16:25","guid":{"rendered":"http:\/\/ozel.law\/tr\/?page_id=699"},"modified":"2021-07-13T12:02:37","modified_gmt":"2021-07-13T09:02:37","slug":"insaat-hukuku","status":"publish","type":"page","link":"https:\/\/ozel.law\/tr\/calisma-alanlari\/insaat-hukuku\/","title":{"rendered":"\u0130n\u015faat Hukuku"},"content":{"rendered":"\t\t<div data-elementor-type=\"wp-page\" data-elementor-id=\"699\" class=\"elementor elementor-699\" data-elementor-post-type=\"page\">\n\t\t\t\t\t\t<section class=\"elementor-section elementor-top-section elementor-element elementor-element-70d6cd0 elementor-section-height-min-height elementor-section-stretched elementor-section-boxed elementor-section-height-default elementor-section-items-middle\" data-id=\"70d6cd0\" data-element_type=\"section\" data-settings=\"{&quot;stretch_section&quot;:&quot;section-stretched&quot;,&quot;background_background&quot;:&quot;classic&quot;}\">\n\t\t\t\t\t\t\t<div class=\"elementor-background-overlay\"><\/div>\n\t\t\t\t\t\t\t<div class=\"elementor-container elementor-column-gap-default\">\n\t\t\t\t\t<div class=\"elementor-column elementor-col-100 elementor-top-column elementor-element elementor-element-634dc0b\" data-id=\"634dc0b\" data-element_type=\"column\">\n\t\t\t<div class=\"elementor-widget-wrap elementor-element-populated\">\n\t\t\t\t\t\t<div class=\"elementor-element elementor-element-342ae84 elementor-widget elementor-widget-heading\" data-id=\"342ae84\" data-element_type=\"widget\" data-widget_type=\"heading.default\">\n\t\t\t\t<div class=\"elementor-widget-container\">\n\t\t\t<h1 class=\"elementor-heading-title elementor-size-default\">\u0130n\u015faat Hukuku <\/h1>\t\t<\/div>\n\t\t\t\t<\/div>\n\t\t\t\t\t<\/div>\n\t\t<\/div>\n\t\t\t\t\t<\/div>\n\t\t<\/section>\n\t\t\t\t<section class=\"elementor-section elementor-top-section elementor-element elementor-element-7d1f930 elementor-section-boxed elementor-section-height-default elementor-section-height-default\" data-id=\"7d1f930\" data-element_type=\"section\">\n\t\t\t\t\t\t<div class=\"elementor-container elementor-column-gap-default\">\n\t\t\t\t\t<div class=\"elementor-column elementor-col-100 elementor-top-column elementor-element elementor-element-e1fe3ea\" data-id=\"e1fe3ea\" data-element_type=\"column\">\n\t\t\t<div class=\"elementor-widget-wrap elementor-element-populated\">\n\t\t\t\t\t\t<div class=\"elementor-element elementor-element-ce536ea elementor-widget elementor-widget-text-editor\" data-id=\"ce536ea\" data-element_type=\"widget\" data-widget_type=\"text-editor.default\">\n\t\t\t\t<div class=\"elementor-widget-container\">\n\t\t\t\t\t\t\t<p>\u00d6ZEL, Ankara ve \u0130stanbul\u2019da bulunan yerli ve yabanc\u0131 bir\u00e7ok in\u015faat firmas\u0131na hukuki hizmet sa\u011flamaktad\u0131r. Bu firmalar, projeleri bak\u0131m\u0131ndan bulunduklar\u0131 konumlarda 100.000 metrekarenin \u00fczerinde in\u015faat kapasitesine sahip olan ender firmalar olmakla birlikte, alan\u0131nda prestij sahibidir.<\/p><p>\u0130n\u015faat sekt\u00f6r\u00fcnde, kamu ve \u00f6zel sekt\u00f6r ihaleleri, yap-i\u015flet-devret projeleri, ortak giri\u015fim anla\u015fmalar\u0131, in\u015faat s\u00f6zle\u015fmeleri, lisans anla\u015fmalar\u0131, alt y\u00fcklenicilik s\u00f6zle\u015fmeleri, proje veya i\u015fletme y\u00f6netimi anla\u015fmalar\u0131 ile gerekti\u011finde bu hususlara ili\u015fkin yarg\u0131lama veya tahkim yoluyla uyu\u015fmazl\u0131klar\u0131n \u00e7\u00f6z\u00fclmesi noktas\u0131nda m\u00fcvekkillere avukatl\u0131k hizmeti sunulmaktad\u0131r.<\/p><p>\u00d6ZEL, sa\u011flad\u0131\u011f\u0131 hizmetlerin kapsam\u0131n\u0131, m\u00fcvekkil firmalar\u0131n aras\u0131nda bulunan yabanc\u0131 \u00a0men\u015feili firmalar dolay\u0131s\u0131yla da ciddi bir boyuta ta\u015f\u0131m\u0131\u015f durumdad\u0131r. \u0130n\u015faat hukukunun gerektirdi\u011fi her t\u00fcrl\u00fc bilgi ve deneyim konusunda donan\u0131m sahibi olan \u00d6ZEL, bu alandaki hizmetlerini eksiksizce yerine getirmektedir.<\/p>\t\t\t\t\t\t<\/div>\n\t\t\t\t<\/div>\n\t\t\t\t\t<\/div>\n\t\t<\/div>\n\t\t\t\t\t<\/div>\n\t\t<\/section>\n\t\t\t\t<\/div>\n\t\t","protected":false},"excerpt":{"rendered":"<p>\u0130n\u015faat Hukuku \u00d6ZEL, Ankara ve \u0130stanbul\u2019da bulunan yerli ve yabanc\u0131 bir\u00e7ok in\u015faat firmas\u0131na hukuki hizmet sa\u011flamaktad\u0131r. Bu firmalar, projeleri bak\u0131m\u0131ndan bulunduklar\u0131 konumlarda 100.000 metrekarenin \u00fczerinde in\u015faat kapasitesine sahip olan ender firmalar olmakla birlikte, alan\u0131nda prestij sahibidir. \u0130n\u015faat sekt\u00f6r\u00fcnde, kamu ve \u00f6zel sekt\u00f6r ihaleleri, yap-i\u015flet-devret projeleri, ortak giri\u015fim anla\u015fmalar\u0131, in\u015faat s\u00f6zle\u015fmeleri, lisans anla\u015fmalar\u0131, alt y\u00fcklenicilik s\u00f6zle\u015fmeleri,&hellip;<\/p>\n","protected":false},"author":1,"featured_media":0,"parent":406,"menu_order":0,"comment_status":"closed","ping_status":"closed","template":"","meta":{"footnotes":""},"class_list":["post-699","page","type-page","status-publish","hentry"],"_links":{"self":[{"href":"https:\/\/ozel.law\/tr\/wp-json\/wp\/v2\/pages\/699","targetHints":{"allow":["GET"]}}],"collection":[{"href":"https:\/\/ozel.law\/tr\/wp-json\/wp\/v2\/pages"}],"about":[{"href":"https:\/\/ozel.law\/tr\/wp-json\/wp\/v2\/types\/page"}],"author":[{"embeddable":true,"href":"https:\/\/ozel.law\/tr\/wp-json\/wp\/v2\/users\/1"}],"replies":[{"embeddable":true,"href":"https:\/\/ozel.law\/tr\/wp-json\/wp\/v2\/comments?post=699"}],"version-history":[{"count":0,"href":"https:\/\/ozel.law\/tr\/wp-json\/wp\/v2\/pages\/699\/revisions"}],"up":[{"embeddable":true,"href":"https:\/\/ozel.law\/tr\/wp-json\/wp\/v2\/pages\/406"}],"wp:attachment":[{"href":"https:\/\/ozel.law\/tr\/wp-json\/wp\/v2\/media?parent=699"}],"curies":[{"name":"wp","href":"https:\/\/api.w.org\/{rel}","templated":true}]}}