{"id":704,"date":"2021-06-30T11:21:55","date_gmt":"2021-06-30T08:21:55","guid":{"rendered":"http:\/\/ozel.law\/tr\/?page_id=704"},"modified":"2021-07-13T12:03:13","modified_gmt":"2021-07-13T09:03:13","slug":"teknoloji-hukuku","status":"publish","type":"page","link":"https:\/\/ozel.law\/tr\/calisma-alanlari\/teknoloji-hukuku\/","title":{"rendered":"Teknoloji Hukuku"},"content":{"rendered":"\t\t<div data-elementor-type=\"wp-page\" data-elementor-id=\"704\" class=\"elementor elementor-704\" data-elementor-post-type=\"page\">\n\t\t\t\t\t\t<section class=\"elementor-section elementor-top-section elementor-element elementor-element-5f83e22 elementor-section-height-min-height elementor-section-stretched elementor-section-boxed elementor-section-height-default elementor-section-items-middle\" data-id=\"5f83e22\" data-element_type=\"section\" data-settings=\"{&quot;stretch_section&quot;:&quot;section-stretched&quot;,&quot;background_background&quot;:&quot;classic&quot;}\">\n\t\t\t\t\t\t\t<div class=\"elementor-background-overlay\"><\/div>\n\t\t\t\t\t\t\t<div class=\"elementor-container elementor-column-gap-default\">\n\t\t\t\t\t<div class=\"elementor-column elementor-col-100 elementor-top-column elementor-element elementor-element-30486bc\" data-id=\"30486bc\" data-element_type=\"column\">\n\t\t\t<div class=\"elementor-widget-wrap elementor-element-populated\">\n\t\t\t\t\t\t<div class=\"elementor-element elementor-element-e5e8691 elementor-widget elementor-widget-heading\" data-id=\"e5e8691\" data-element_type=\"widget\" data-widget_type=\"heading.default\">\n\t\t\t\t<div class=\"elementor-widget-container\">\n\t\t\t<h1 class=\"elementor-heading-title elementor-size-default\">Teknoloji Hukuku <\/h1>\t\t<\/div>\n\t\t\t\t<\/div>\n\t\t\t\t\t<\/div>\n\t\t<\/div>\n\t\t\t\t\t<\/div>\n\t\t<\/section>\n\t\t\t\t<section class=\"elementor-section elementor-top-section elementor-element elementor-element-200d345 elementor-section-boxed elementor-section-height-default elementor-section-height-default\" data-id=\"200d345\" data-element_type=\"section\">\n\t\t\t\t\t\t<div class=\"elementor-container elementor-column-gap-default\">\n\t\t\t\t\t<div class=\"elementor-column elementor-col-100 elementor-top-column elementor-element elementor-element-d9fb3a2\" data-id=\"d9fb3a2\" data-element_type=\"column\">\n\t\t\t<div class=\"elementor-widget-wrap elementor-element-populated\">\n\t\t\t\t\t\t<div class=\"elementor-element elementor-element-5378895 elementor-widget elementor-widget-text-editor\" data-id=\"5378895\" data-element_type=\"widget\" data-widget_type=\"text-editor.default\">\n\t\t\t\t<div class=\"elementor-widget-container\">\n\t\t\t\t\t\t\t<p>\u00d6ZEL, de\u011fi\u015fen ve geli\u015fen d\u00fcnyan\u0131n en \u00f6nemli unsuru olan teknoloji firmalar\u0131na da b\u00fcy\u00fck bir \u00f6nem atfetmektedir ve teknoloji firmalar\u0131na sa\u011flanmas\u0131 gereken hukuki deste\u011fin di\u011fer ticari firmalara sa\u011flanan desteklerden ayr\u0131\u015ft\u0131\u011f\u0131 noktalar\u0131 \u00f6nemle tespit etmi\u015f durumdad\u0131r.<\/p><p>T\u00fcrkiye\u2019nin \u00f6zel sekt\u00f6r sermayeli ilk Teknoloji Geli\u015ftirme Merkezi olan Ankara Teknoloji Geli\u015ftirme Merkezi\u2019nin orta\u011f\u0131 ve hukuki hizmet sa\u011flay\u0131c\u0131s\u0131 konumunda olan \u00d6ZEL, merkezde bulunan t\u00fcm giri\u015fimcilere ve teknoloji yat\u0131r\u0131mc\u0131lar\u0131na avukatl\u0131k hizmetleri sa\u011flamaktad\u0131r.<\/p><p>\u00d6ZEL, e-ticaret, siber g\u00fcvenlik, internetten i\u00e7erik kald\u0131r\u0131lmas\u0131 ve ki\u015fisel verilerin korunmas\u0131 alanlar\u0131ndaki faaliyetlerinin yan\u0131 s\u0131ra yaz\u0131l\u0131m geli\u015ftirme, lisans s\u00f6zle\u015fmeleri, mobil uygulama s\u00f6zle\u015fmeleri, know-how s\u00f6zle\u015fmeleri dahil olmak \u00fczere teknik bilgi de gerektiren alanlarda g\u00fcncel geli\u015fmeler \u0131\u015f\u0131\u011f\u0131nda m\u00fcvekkillerine hukuki dan\u0131\u015fmanl\u0131k hizmeti sa\u011flamaktad\u0131r.<\/p><p>Bunun yan\u0131 s\u0131ra, adli bili\u015fim su\u00e7lar\u0131 alan\u0131nda dan\u0131\u015fmanl\u0131k sunulmakta, hukuk ve ceza mahkemeleri nezdinde dava takibi s\u00fcre\u00e7lerinin y\u00fcr\u00fct\u00fclmesi hususlar\u0131nda m\u00fcvekiller temsil edilmektedir.<\/p>\t\t\t\t\t\t<\/div>\n\t\t\t\t<\/div>\n\t\t\t\t\t<\/div>\n\t\t<\/div>\n\t\t\t\t\t<\/div>\n\t\t<\/section>\n\t\t\t\t<\/div>\n\t\t","protected":false},"excerpt":{"rendered":"<p>Teknoloji Hukuku \u00d6ZEL, de\u011fi\u015fen ve geli\u015fen d\u00fcnyan\u0131n en \u00f6nemli unsuru olan teknoloji firmalar\u0131na da b\u00fcy\u00fck bir \u00f6nem atfetmektedir ve teknoloji firmalar\u0131na sa\u011flanmas\u0131 gereken hukuki deste\u011fin di\u011fer ticari firmalara sa\u011flanan desteklerden ayr\u0131\u015ft\u0131\u011f\u0131 noktalar\u0131 \u00f6nemle tespit etmi\u015f durumdad\u0131r. T\u00fcrkiye\u2019nin \u00f6zel sekt\u00f6r sermayeli ilk Teknoloji Geli\u015ftirme Merkezi olan Ankara Teknoloji Geli\u015ftirme Merkezi\u2019nin orta\u011f\u0131 ve hukuki hizmet sa\u011flay\u0131c\u0131s\u0131 konumunda&hellip;<\/p>\n","protected":false},"author":1,"featured_media":0,"parent":406,"menu_order":0,"comment_status":"closed","ping_status":"closed","template":"","meta":{"footnotes":""},"class_list":["post-704","page","type-page","status-publish","hentry"],"_links":{"self":[{"href":"https:\/\/ozel.law\/tr\/wp-json\/wp\/v2\/pages\/704","targetHints":{"allow":["GET"]}}],"collection":[{"href":"https:\/\/ozel.law\/tr\/wp-json\/wp\/v2\/pages"}],"about":[{"href":"https:\/\/ozel.law\/tr\/wp-json\/wp\/v2\/types\/page"}],"author":[{"embeddable":true,"href":"https:\/\/ozel.law\/tr\/wp-json\/wp\/v2\/users\/1"}],"replies":[{"embeddable":true,"href":"https:\/\/ozel.law\/tr\/wp-json\/wp\/v2\/comments?post=704"}],"version-history":[{"count":0,"href":"https:\/\/ozel.law\/tr\/wp-json\/wp\/v2\/pages\/704\/revisions"}],"up":[{"embeddable":true,"href":"https:\/\/ozel.law\/tr\/wp-json\/wp\/v2\/pages\/406"}],"wp:attachment":[{"href":"https:\/\/ozel.law\/tr\/wp-json\/wp\/v2\/media?parent=704"}],"curies":[{"name":"wp","href":"https:\/\/api.w.org\/{rel}","templated":true}]}}