{"id":708,"date":"2021-06-30T11:26:05","date_gmt":"2021-06-30T08:26:05","guid":{"rendered":"http:\/\/ozel.law\/tr\/?page_id=708"},"modified":"2021-07-13T12:05:03","modified_gmt":"2021-07-13T09:05:03","slug":"rekabet-hukuku","status":"publish","type":"page","link":"https:\/\/ozel.law\/tr\/calisma-alanlari\/rekabet-hukuku\/","title":{"rendered":"Rekabet Hukuku"},"content":{"rendered":"\t\t<div data-elementor-type=\"wp-page\" data-elementor-id=\"708\" class=\"elementor elementor-708\" data-elementor-post-type=\"page\">\n\t\t\t\t\t\t<section class=\"elementor-section elementor-top-section elementor-element elementor-element-8aacefa elementor-section-height-min-height elementor-section-stretched elementor-section-boxed elementor-section-height-default elementor-section-items-middle\" data-id=\"8aacefa\" data-element_type=\"section\" data-settings=\"{&quot;stretch_section&quot;:&quot;section-stretched&quot;,&quot;background_background&quot;:&quot;classic&quot;}\">\n\t\t\t\t\t\t\t<div class=\"elementor-background-overlay\"><\/div>\n\t\t\t\t\t\t\t<div class=\"elementor-container elementor-column-gap-default\">\n\t\t\t\t\t<div class=\"elementor-column elementor-col-100 elementor-top-column elementor-element elementor-element-8329166\" data-id=\"8329166\" data-element_type=\"column\">\n\t\t\t<div class=\"elementor-widget-wrap elementor-element-populated\">\n\t\t\t\t\t\t<div class=\"elementor-element elementor-element-c5f05b9 elementor-widget elementor-widget-heading\" data-id=\"c5f05b9\" data-element_type=\"widget\" data-widget_type=\"heading.default\">\n\t\t\t\t<div class=\"elementor-widget-container\">\n\t\t\t<h1 class=\"elementor-heading-title elementor-size-default\">Rekabet Hukuku <\/h1>\t\t<\/div>\n\t\t\t\t<\/div>\n\t\t\t\t\t<\/div>\n\t\t<\/div>\n\t\t\t\t\t<\/div>\n\t\t<\/section>\n\t\t\t\t<section class=\"elementor-section elementor-top-section elementor-element elementor-element-463b43d elementor-section-boxed elementor-section-height-default elementor-section-height-default\" data-id=\"463b43d\" data-element_type=\"section\">\n\t\t\t\t\t\t<div class=\"elementor-container elementor-column-gap-default\">\n\t\t\t\t\t<div class=\"elementor-column elementor-col-100 elementor-top-column elementor-element elementor-element-5215c0f\" data-id=\"5215c0f\" data-element_type=\"column\">\n\t\t\t<div class=\"elementor-widget-wrap elementor-element-populated\">\n\t\t\t\t\t\t<div class=\"elementor-element elementor-element-4de220b elementor-widget elementor-widget-text-editor\" data-id=\"4de220b\" data-element_type=\"widget\" data-widget_type=\"text-editor.default\">\n\t\t\t\t<div class=\"elementor-widget-container\">\n\t\t\t\t\t\t\t<p>\u00d6ZEL, sa\u011flad\u0131\u011f\u0131 hukuk hizmetini bir b\u00fct\u00fcn olarak g\u00f6rmektedir. Bu sebeple de \u00f6zellikle birle\u015fme ve devralma s\u00fcre\u00e7lerinde g\u00f6rev ald\u0131\u011f\u0131 projelerin rekabet hukukuna dair s\u00fcre\u00e7lerini de takip etmektedir. Yap\u0131lacak ilgili ba\u015fvurular noktas\u0131nda gerek pazar gerekse de t\u00fcketici analizlerini ba\u015far\u0131yla ger\u00e7ekle\u015ftiren \u00d6ZEL, her bir ba\u015fvurusunu yak\u0131ndan takip etmekte ve kendisinden talep edilen ek bilgi ve belgeleri en k\u0131sa s\u00fcrede temin ederek m\u00fcvekkil firman\u0131n k\u0131sa zamanda netice almas\u0131n\u0131 sa\u011flamaya gayret etmektedir.<\/p><p>Birle\u015fme ve devralma s\u00fcre\u00e7leri haricinde, muafiyet ba\u015fvurular\u0131 hususunda da deneyim sahibi olan \u00d6ZEL, rekabet hukuku aln\u0131ndaki geli\u015fmeleri ve kararlar\u0131 da yak\u0131ndan takip etmektedir.<\/p>\t\t\t\t\t\t<\/div>\n\t\t\t\t<\/div>\n\t\t\t\t\t<\/div>\n\t\t<\/div>\n\t\t\t\t\t<\/div>\n\t\t<\/section>\n\t\t\t\t<\/div>\n\t\t","protected":false},"excerpt":{"rendered":"<p>Rekabet Hukuku \u00d6ZEL, sa\u011flad\u0131\u011f\u0131 hukuk hizmetini bir b\u00fct\u00fcn olarak g\u00f6rmektedir. Bu sebeple de \u00f6zellikle birle\u015fme ve devralma s\u00fcre\u00e7lerinde g\u00f6rev ald\u0131\u011f\u0131 projelerin rekabet hukukuna dair s\u00fcre\u00e7lerini de takip etmektedir. Yap\u0131lacak ilgili ba\u015fvurular noktas\u0131nda gerek pazar gerekse de t\u00fcketici analizlerini ba\u015far\u0131yla ger\u00e7ekle\u015ftiren \u00d6ZEL, her bir ba\u015fvurusunu yak\u0131ndan takip etmekte ve kendisinden talep edilen ek bilgi ve belgeleri&hellip;<\/p>\n","protected":false},"author":1,"featured_media":0,"parent":406,"menu_order":0,"comment_status":"closed","ping_status":"closed","template":"","meta":{"footnotes":""},"class_list":["post-708","page","type-page","status-publish","hentry"],"_links":{"self":[{"href":"https:\/\/ozel.law\/tr\/wp-json\/wp\/v2\/pages\/708","targetHints":{"allow":["GET"]}}],"collection":[{"href":"https:\/\/ozel.law\/tr\/wp-json\/wp\/v2\/pages"}],"about":[{"href":"https:\/\/ozel.law\/tr\/wp-json\/wp\/v2\/types\/page"}],"author":[{"embeddable":true,"href":"https:\/\/ozel.law\/tr\/wp-json\/wp\/v2\/users\/1"}],"replies":[{"embeddable":true,"href":"https:\/\/ozel.law\/tr\/wp-json\/wp\/v2\/comments?post=708"}],"version-history":[{"count":0,"href":"https:\/\/ozel.law\/tr\/wp-json\/wp\/v2\/pages\/708\/revisions"}],"up":[{"embeddable":true,"href":"https:\/\/ozel.law\/tr\/wp-json\/wp\/v2\/pages\/406"}],"wp:attachment":[{"href":"https:\/\/ozel.law\/tr\/wp-json\/wp\/v2\/media?parent=708"}],"curies":[{"name":"wp","href":"https:\/\/api.w.org\/{rel}","templated":true}]}}