{"id":710,"date":"2021-06-30T11:28:03","date_gmt":"2021-06-30T08:28:03","guid":{"rendered":"http:\/\/ozel.law\/tr\/?page_id=710"},"modified":"2021-07-13T12:05:51","modified_gmt":"2021-07-13T09:05:51","slug":"dava-takibi","status":"publish","type":"page","link":"https:\/\/ozel.law\/tr\/calisma-alanlari\/dava-takibi\/","title":{"rendered":"Dava Takibi"},"content":{"rendered":"\t\t<div data-elementor-type=\"wp-page\" data-elementor-id=\"710\" class=\"elementor elementor-710\" data-elementor-post-type=\"page\">\n\t\t\t\t\t\t<section class=\"elementor-section elementor-top-section elementor-element elementor-element-a2437bb elementor-section-height-min-height elementor-section-stretched elementor-section-boxed elementor-section-height-default elementor-section-items-middle\" data-id=\"a2437bb\" data-element_type=\"section\" data-settings=\"{&quot;stretch_section&quot;:&quot;section-stretched&quot;,&quot;background_background&quot;:&quot;classic&quot;}\">\n\t\t\t\t\t\t\t<div class=\"elementor-background-overlay\"><\/div>\n\t\t\t\t\t\t\t<div class=\"elementor-container elementor-column-gap-default\">\n\t\t\t\t\t<div class=\"elementor-column elementor-col-100 elementor-top-column elementor-element elementor-element-a000dd1\" data-id=\"a000dd1\" data-element_type=\"column\">\n\t\t\t<div class=\"elementor-widget-wrap elementor-element-populated\">\n\t\t\t\t\t\t<div class=\"elementor-element elementor-element-adc08f5 elementor-widget elementor-widget-heading\" data-id=\"adc08f5\" data-element_type=\"widget\" data-widget_type=\"heading.default\">\n\t\t\t\t<div class=\"elementor-widget-container\">\n\t\t\t<h1 class=\"elementor-heading-title elementor-size-default\">Dava Takibi <\/h1>\t\t<\/div>\n\t\t\t\t<\/div>\n\t\t\t\t\t<\/div>\n\t\t<\/div>\n\t\t\t\t\t<\/div>\n\t\t<\/section>\n\t\t\t\t<section class=\"elementor-section elementor-top-section elementor-element elementor-element-7e395f7 elementor-section-boxed elementor-section-height-default elementor-section-height-default\" data-id=\"7e395f7\" data-element_type=\"section\">\n\t\t\t\t\t\t<div class=\"elementor-container elementor-column-gap-default\">\n\t\t\t\t\t<div class=\"elementor-column elementor-col-100 elementor-top-column elementor-element elementor-element-fa6ca3d\" data-id=\"fa6ca3d\" data-element_type=\"column\">\n\t\t\t<div class=\"elementor-widget-wrap elementor-element-populated\">\n\t\t\t\t\t\t<div class=\"elementor-element elementor-element-3819017 elementor-widget elementor-widget-text-editor\" data-id=\"3819017\" data-element_type=\"widget\" data-widget_type=\"text-editor.default\">\n\t\t\t\t<div class=\"elementor-widget-container\">\n\t\t\t\t\t\t\t<p>\u00d6ZEL\u2019in \u00f6nceli\u011fi m\u00fcvekkillerine ait hukuki meseleleri uzla\u015fma, arabuluculuk yahut tahkim metotlar\u0131 ile \u00e7\u00f6zmektir. Bununla birlikte, a\u00e7\u0131lm\u0131\u015f davalar\u0131n yahut \u00d6ZEL taraf\u0131ndan a\u00e7\u0131lmak durumunda kal\u0131nm\u0131\u015f davalar\u0131n takibi hususunda bug\u00fcne kadar takibinde bulunan y\u00fczlerce davadan edinilen deneyim ile hareket eden \u00d6ZEL, dava takibi s\u00fcre\u00e7lerinde m\u00fcvekkil ile yak\u0131n bir \u00e7al\u0131\u015fma y\u00fcr\u00fctmektedir.<\/p><p>Haz\u0131rlanan her t\u00fcrl\u00fc dilek\u00e7e ve bilgi notunu m\u00fcvekkil firma ile payla\u015fan \u00d6ZEL, duru\u015fmalara eksiksiz kat\u0131l\u0131m g\u00f6stermekte ve m\u00fcvekkillerine s\u00fcrece dair anl\u0131k bilgilendirmeler yapmaktad\u0131r.<\/p><p>\u00d6ZEL, i\u015f ve sosyal g\u00fcvenlik hukukuna dayal\u0131 i\u015f\u00e7ilik alaca\u011f\u0131, i\u015f kazalar\u0131ndan do\u011fan tazminat hakk\u0131, i\u015fe iade, her t\u00fcrl\u00fc alacak ve gayr\u0131menkul davalar\u0131, maddi ve manevi tazminat davalar\u0131, aile hukukundan do\u011fan bo\u015fanma, mal payla\u015f\u0131m\u0131, nafaka ve velayet davalar\u0131, miras davalar\u0131, kira hukuku kaynakl\u0131 davalar, t\u00fcketici hukukundan do\u011fan alacak davalar\u0131, gerekli hallerde icra daireleri nezdinde i\u015flemlerinin ba\u015flat\u0131lmas\u0131 ve bunlar\u0131n y\u00fcr\u00fct\u00fclmesi ile tan\u0131ma-tenfiz davalar\u0131nda tecr\u00fcbelidir.<\/p><p>Bunun yan\u0131 s\u0131ra, m\u00fcvekkillerimizin ihtiya\u00e7 duymas\u0131 halinde emniyet, savc\u0131l\u0131k ve ceza mahkemeleri nezdinde y\u00fcr\u00fct\u00fclmesi gereken her t\u00fcrl\u00fc uyu\u015fmazl\u0131k ile bunlar\u0131n soru\u015fturma ve kovu\u015fturma a\u015famalar\u0131nda m\u00fcvekillerimiz ba\u015far\u0131yla temsil edilmektedir.<\/p>\t\t\t\t\t\t<\/div>\n\t\t\t\t<\/div>\n\t\t\t\t\t<\/div>\n\t\t<\/div>\n\t\t\t\t\t<\/div>\n\t\t<\/section>\n\t\t\t\t<\/div>\n\t\t","protected":false},"excerpt":{"rendered":"<p>Dava Takibi \u00d6ZEL\u2019in \u00f6nceli\u011fi m\u00fcvekkillerine ait hukuki meseleleri uzla\u015fma, arabuluculuk yahut tahkim metotlar\u0131 ile \u00e7\u00f6zmektir. Bununla birlikte, a\u00e7\u0131lm\u0131\u015f davalar\u0131n yahut \u00d6ZEL taraf\u0131ndan a\u00e7\u0131lmak durumunda kal\u0131nm\u0131\u015f davalar\u0131n takibi hususunda bug\u00fcne kadar takibinde bulunan y\u00fczlerce davadan edinilen deneyim ile hareket eden \u00d6ZEL, dava takibi s\u00fcre\u00e7lerinde m\u00fcvekkil ile yak\u0131n bir \u00e7al\u0131\u015fma y\u00fcr\u00fctmektedir. Haz\u0131rlanan her t\u00fcrl\u00fc dilek\u00e7e ve bilgi&hellip;<\/p>\n","protected":false},"author":1,"featured_media":0,"parent":406,"menu_order":0,"comment_status":"closed","ping_status":"closed","template":"","meta":{"footnotes":""},"class_list":["post-710","page","type-page","status-publish","hentry"],"_links":{"self":[{"href":"https:\/\/ozel.law\/tr\/wp-json\/wp\/v2\/pages\/710","targetHints":{"allow":["GET"]}}],"collection":[{"href":"https:\/\/ozel.law\/tr\/wp-json\/wp\/v2\/pages"}],"about":[{"href":"https:\/\/ozel.law\/tr\/wp-json\/wp\/v2\/types\/page"}],"author":[{"embeddable":true,"href":"https:\/\/ozel.law\/tr\/wp-json\/wp\/v2\/users\/1"}],"replies":[{"embeddable":true,"href":"https:\/\/ozel.law\/tr\/wp-json\/wp\/v2\/comments?post=710"}],"version-history":[{"count":0,"href":"https:\/\/ozel.law\/tr\/wp-json\/wp\/v2\/pages\/710\/revisions"}],"up":[{"embeddable":true,"href":"https:\/\/ozel.law\/tr\/wp-json\/wp\/v2\/pages\/406"}],"wp:attachment":[{"href":"https:\/\/ozel.law\/tr\/wp-json\/wp\/v2\/media?parent=710"}],"curies":[{"name":"wp","href":"https:\/\/api.w.org\/{rel}","templated":true}]}}